{"id":39,"date":"2024-02-21T06:47:40","date_gmt":"2024-02-21T05:47:40","guid":{"rendered":"https:\/\/valvulascuevas.com.mx\/?page_id=39"},"modified":"2024-10-18T00:28:40","modified_gmt":"2024-10-17T22:28:40","slug":"inicio","status":"publish","type":"page","link":"https:\/\/valvulascuevas.com.mx\/","title":{"rendered":"Inicio"},"content":{"rendered":"<p>[et_pb_section fb_built=\u00bb1&#8243; _builder_version=\u00bb4.24.2&#8243; _module_preset=\u00bbdefault\u00bb background_video_mp4=\u00bbhttps:\/\/valvulascuevas.com.mx\/wp-content\/uploads\/2024\/02\/opcion2-1.mp4&#8243; bottom_divider_style=\u00bbarrow3&#8243; bottom_divider_color=\u00bb#D8002E\u00bb bottom_divider_repeat=\u00bb2x\u00bb bottom_divider_flip=\u00bbvertical\u00bb da_disable_devices=\u00bboff|off|off\u00bb global_colors_info=\u00bb{}\u00bb da_is_popup=\u00bboff\u00bb da_exit_intent=\u00bboff\u00bb da_has_close=\u00bbon\u00bb da_alt_close=\u00bboff\u00bb da_dark_close=\u00bboff\u00bb da_not_modal=\u00bbon\u00bb da_is_singular=\u00bboff\u00bb da_with_loader=\u00bboff\u00bb da_has_shadow=\u00bbon\u00bb][et_pb_row _builder_version=\u00bb4.24.2&#8243; _module_preset=\u00bbdefault\u00bb global_colors_info=\u00bb{}\u00bb][et_pb_column type=\u00bb4_4&#8243; _builder_version=\u00bb4.24.2&#8243; _module_preset=\u00bbdefault\u00bb global_colors_info=\u00bb{}\u00bb][et_pb_slider _builder_version=\u00bb4.24.3&#8243; _module_preset=\u00bbdefault\u00bb background_color=\u00bbRGBA(255,255,255,0)\u00bb hover_enabled=\u00bb0&#8243; global_colors_info=\u00bb{}\u00bb sticky_enabled=\u00bb0&#8243;][et_pb_slide heading=\u00bbVALVULAS HERMANOS CUEVAS\u00bb button_text=\u00bbMAS INFORMACI\u00d3N\u00bb arrows_custom_color=\u00bb#FC2022&#8243; dot_nav_custom_color=\u00bb#D8002E\u00bb heading_last_edited=\u00bboff|desktop\u00bb _builder_version=\u00bb4.24.2&#8243; _module_preset=\u00bbdefault\u00bb header_level=\u00bbh2&#8243; header_font=\u00bbPoppins|700|||||||\u00bb header_text_color=\u00bb#FAFAFA\u00bb header_font_size=\u00bb40px\u00bb body_font=\u00bbPoppins||||||||\u00bb body_text_align=\u00bbcenter\u00bb body_text_color=\u00bb#FAFAFA\u00bb background_enable_color=\u00bboff\u00bb hover_enabled=\u00bb0&#8243; global_colors_info=\u00bb{}\u00bb sticky_transition=\u00bbon\u00bb button_link=\u00bb@ET-DC@eyJkeW5hbWljIjp0cnVlLCJjb250ZW50IjoicG9zdF9saW5rX3VybF9wYWdlIiwic2V0dGluZ3MiOnsicG9zdF9pZCI6IjEyOCJ9fQ==@\u00bb _dynamic_attributes=\u00bbbutton_link\u00bb sticky_enabled=\u00bb0&#8243;]<\/p>\n<p><strong>SOMOS UNA EMPRESA 100% MEXICANA DONDE LA CALIDAD Y COMPROMISO NOS DISTINGUE DE LOS DEMAS<\/strong><\/p>\n<p>[\/et_pb_slide][et_pb_slide heading=\u00bbCONOCE NUESTROS SERVICIOS\u00bb button_text=\u00bbMAS INFORMACI\u00d3N\u00bb _builder_version=\u00bb4.24.3&#8243; _module_preset=\u00bbdefault\u00bb global_colors_info=\u00bb{}\u00bb sticky_transition=\u00bbon\u00bb arrows_custom_color=\u00bb#FC2022&#8243; dot_nav_custom_color=\u00bb#D8002E\u00bb header_level=\u00bbh2&#8243; header_font=\u00bbPoppins|700|||||||\u00bb header_text_color=\u00bb#FAFAFA\u00bb header_font_size=\u00bb40px\u00bb body_font=\u00bbPoppins|700|||||||\u00bb body_text_align=\u00bbcenter\u00bb body_text_color=\u00bb#FAFAFA\u00bb background_enable_color=\u00bboff\u00bb hover_enabled=\u00bb0&#8243; sticky_enabled=\u00bb0&#8243; button_link=\u00bb@ET-DC@eyJkeW5hbWljIjp0cnVlLCJjb250ZW50IjoicG9zdF9saW5rX3VybF9wYWdlIiwic2V0dGluZ3MiOnsicG9zdF9pZCI6IjEzNCJ9fQ==@\u00bb _dynamic_attributes=\u00bbbutton_link\u00bb]<\/p>\n<p>BRINDAMOS SERVICIOS DE CALIDAD CON AMPLIA EXPERIENCIA Y CONOCIMIENTO EN EL SECTOR, SIENDO UNOS DE LOS FABRICANTES MAS RECONOCIDOS A NIVEL NACIONAL<\/p>\n<p>[\/et_pb_slide][\/et_pb_slider][\/et_pb_column][\/et_pb_row][\/et_pb_section][et_pb_section fb_built=\u00bb1&#8243; _builder_version=\u00bb4.24.2&#8243; _module_preset=\u00bbdefault\u00bb background_image=\u00bbhttps:\/\/valvulascuevas.com.mx\/wp-content\/uploads\/2024\/02\/back1-scaled.jpg\u00bb custom_padding=\u00bb|||0px||\u00bb da_disable_devices=\u00bboff|off|off\u00bb box_shadow_style=\u00bbpreset6&#8243; box_shadow_color=\u00bb#0D2A7A\u00bb global_colors_info=\u00bb{}\u00bb da_is_popup=\u00bboff\u00bb da_exit_intent=\u00bboff\u00bb da_has_close=\u00bbon\u00bb da_alt_close=\u00bboff\u00bb da_dark_close=\u00bboff\u00bb da_not_modal=\u00bbon\u00bb da_is_singular=\u00bboff\u00bb da_with_loader=\u00bboff\u00bb da_has_shadow=\u00bbon\u00bb][et_pb_row column_structure=\u00bb3_5,2_5&#8243; _builder_version=\u00bb4.24.2&#8243; _module_preset=\u00bbdefault\u00bb global_colors_info=\u00bb{}\u00bb][et_pb_column type=\u00bb3_5&#8243; _builder_version=\u00bb4.24.2&#8243; _module_preset=\u00bbdefault\u00bb global_colors_info=\u00bb{}\u00bb][et_pb_heading title=\u00bbVALVULAS HERMANOS CUEVAS VC \u00bb _builder_version=\u00bb4.24.2&#8243; _module_preset=\u00bbdefault\u00bb title_font=\u00bbPoppins|800|||||||\u00bb title_text_align=\u00bbcenter\u00bb title_text_color=\u00bb#0D2A7A\u00bb background_color=\u00bbRGBA(255,255,255,0)\u00bb animation_style=\u00bbfade\u00bb overflow-y_last_edited=\u00bboff|phone\u00bb title_text_shadow_style=\u00bbpreset1&#8243; title_text_shadow_horizontal_length=\u00bb0.03em\u00bb title_text_shadow_vertical_length=\u00bb0.06em\u00bb border_width_bottom=\u00bb4px\u00bb border_color_bottom=\u00bb#D8002E\u00bb global_colors_info=\u00bb{}\u00bb][\/et_pb_heading][et_pb_text _builder_version=\u00bb4.24.2&#8243; _module_preset=\u00bbdefault\u00bb text_font=\u00bbPoppins||||||||\u00bb text_text_color=\u00bb#333333&#8243; global_colors_info=\u00bb{}\u00bb]<\/p>\n<p class=\"p1\" style=\"text-align: justify;\">Somos una empresa l\u00edder en la venta de v\u00e1lvulas de seguridad y de alivio EN ACERO Y BRONCE (ROSCADAS Y BRIDADAS)<span class=\"Apple-converted-space\">\u00a0 <\/span>para una amplia gama de aplicaciones industriales. Nuestro compromiso es proporcionar productos de alta calidad, tecnolog\u00eda de vanguardia y un servicio excepcional para asegurar la seguridad y el rendimiento \u00f3ptimo de tus operaciones.<\/p>\n<p>[\/et_pb_text][et_pb_heading title=\u00bb\u00bfPor qu\u00e9 elegirnos?\u00bb _builder_version=\u00bb4.24.2&#8243; _module_preset=\u00bbdefault\u00bb title_font=\u00bbPoppins|600|||||||\u00bb title_text_color=\u00bb#D8002E\u00bb title_font_size=\u00bb25px\u00bb global_colors_info=\u00bb{}\u00bb][\/et_pb_heading][et_pb_text _builder_version=\u00bb4.24.2&#8243; _module_preset=\u00bbdefault\u00bb text_font=\u00bbPoppins||||||||\u00bb text_text_color=\u00bb#333333&#8243; global_colors_info=\u00bb{}\u00bb]<\/p>\n<ul>\n<li style=\"text-align: justify;\"><span class=\"s1\"><\/span><strong>Calidad y Confianza:<\/strong> Cada v\u00e1lvula que ofrecemos ha sido rigurosamente probada y cumple con los m\u00e1s altos est\u00e1ndares de calidad y seguridad.<\/li>\n<li style=\"text-align: justify;\"><strong>Amplia Gama de Productos:<\/strong> Nuestro cat\u00e1logo incluye una amplia variedad de v\u00e1lvulas de seguridad y de alivio, dise\u00f1adas para satisfacer las necesidades espec\u00edficas de diferentes sectores industriales. Desde v\u00e1lvulas para aplicaciones de vapor, gases, l\u00edquidos y m\u00e1s, tenemos lo que necesitas.<\/li>\n<li style=\"text-align: justify;\"><strong>Asesoramiento Profesional:<\/strong> Nuestro equipo de expertos est\u00e1 siempre dispuesto a brindarte asesoramiento personalizado para ayudarte a seleccionar la v\u00e1lvula adecuada para tus requerimientos. Nos preocupamos por tu seguridad y el \u00e9xito de tu negocio.<\/li>\n<li style=\"text-align: justify;\"><strong>Entrega R\u00e1pida:<\/strong> Entendemos lo crucial que son las v\u00e1lvulas para tus procesos industriales. Por eso, trabajamos de manera eficiente para garantizar una entrega r\u00e1pida y puntual de los productos a cualquier lugar que lo necesites.<\/li>\n<li style=\"text-align: justify;\"><strong>Servicio al Cliente:<\/strong> La satisfacci\u00f3n de nuestros clientes es nuestra prioridad. Estamos aqu\u00ed para ayudarte en cualquier momento y responder a tus preguntas con prontitud.<\/li>\n<\/ul>\n<p>[\/et_pb_text][et_pb_image src=\u00bbhttps:\/\/valvulascuevas.com.mx\/wp-content\/uploads\/2024\/02\/logo3.png\u00bb title_text=\u00bblogo3&#8243; align=\u00bbcenter\u00bb _builder_version=\u00bb4.24.2&#8243; _module_preset=\u00bbdefault\u00bb global_colors_info=\u00bb{}\u00bb][\/et_pb_image][\/et_pb_column][et_pb_column type=\u00bb2_5&#8243; _builder_version=\u00bb4.24.2&#8243; _module_preset=\u00bbdefault\u00bb global_colors_info=\u00bb{}\u00bb][et_pb_image src=\u00bbhttps:\/\/valvulascuevas.com.mx\/wp-content\/uploads\/2024\/02\/valrhome.png\u00bb title_text=\u00bbvalrhome\u00bb align=\u00bbcenter\u00bb admin_label=\u00bbvrhome\u00bb _builder_version=\u00bb4.24.2&#8243; _module_preset=\u00bbdefault\u00bb custom_padding=\u00bb||0px|||\u00bb animation_style=\u00bbfade\u00bb global_colors_info=\u00bb{}\u00bb transform_styles__hover_enabled=\u00bbon|hover\u00bb transform_scale__hover_enabled=\u00bbon|hover\u00bb transform_translate__hover_enabled=\u00bbon|desktop\u00bb transform_rotate__hover_enabled=\u00bbon|desktop\u00bb transform_skew__hover_enabled=\u00bbon|desktop\u00bb transform_origin__hover_enabled=\u00bbon|desktop\u00bb transform_scale__hover=\u00bb116%|116%\u00bb][\/et_pb_image][\/et_pb_column][\/et_pb_row][\/et_pb_section][et_pb_section fb_built=\u00bb1&#8243; _builder_version=\u00bb4.24.2&#8243; _module_preset=\u00bbdefault\u00bb background_color=\u00bb#13154c\u00bb background_image=\u00bbhttps:\/\/valvulascuevas.com.mx\/wp-content\/uploads\/2024\/02\/valweb2.jpg\u00bb background_blend=\u00bboverlay\u00bb da_disable_devices=\u00bboff|off|off\u00bb global_colors_info=\u00bb{}\u00bb da_is_popup=\u00bboff\u00bb da_exit_intent=\u00bboff\u00bb da_has_close=\u00bbon\u00bb da_alt_close=\u00bboff\u00bb da_dark_close=\u00bboff\u00bb da_not_modal=\u00bbon\u00bb da_is_singular=\u00bboff\u00bb da_with_loader=\u00bboff\u00bb da_has_shadow=\u00bbon\u00bb][et_pb_row _builder_version=\u00bb4.24.2&#8243; _module_preset=\u00bbdefault\u00bb custom_padding=\u00bb||21px|||\u00bb global_colors_info=\u00bb{}\u00bb][et_pb_column type=\u00bb4_4&#8243; _builder_version=\u00bb4.24.2&#8243; _module_preset=\u00bbdefault\u00bb global_colors_info=\u00bb{}\u00bb][et_pb_slider show_image_video_mobile=\u00bbon\u00bb _builder_version=\u00bb4.24.3&#8243; _module_preset=\u00bbdefault\u00bb width=\u00bb100%\u00bb min_height=\u00bb308px\u00bb custom_padding=\u00bb94px||114px|||\u00bb hover_enabled=\u00bb0&#8243; locked=\u00bboff\u00bb global_colors_info=\u00bb{}\u00bb sticky_enabled=\u00bb0&#8243;][et_pb_slide heading=\u00bbV\u00c1LVULA DE SEGURIDAD DE ALTA PRESI\u00d3N\u00bb button_text=\u00bbInfo\u00bb image=\u00bbhttps:\/\/valvulascuevas.com.mx\/wp-content\/uploads\/2024\/02\/valpresion.png\u00bb arrows_custom_color=\u00bb#D8002E\u00bb dot_nav_custom_color=\u00bb#D8002E\u00bb _builder_version=\u00bb4.24.3&#8243; _module_preset=\u00bbdefault\u00bb header_font=\u00bbPoppins|600|||||||\u00bb header_font_size=\u00bb21px\u00bb header_letter_spacing=\u00bb0px\u00bb header_line_height=\u00bb2em\u00bb body_font=\u00bbPoppins||||||||\u00bb body_text_color=\u00bb#FAFAFA\u00bb body_line_height=\u00bb1.1em\u00bb background_color=\u00bbRGBA(255,255,255,0)\u00bb background_enable_color=\u00bbon\u00bb custom_button=\u00bbon\u00bb button_text_size=\u00bb14px\u00bb button_border_color=\u00bb#D8002E\u00bb button_icon_color=\u00bb#FAFAFA\u00bb text_orientation=\u00bbleft\u00bb width_last_edited=\u00bboff|desktop\u00bb hover_enabled=\u00bb0&#8243; locked=\u00bboff\u00bb global_colors_info=\u00bb{}\u00bb width__hover_enabled=\u00bboff|desktop\u00bb sticky_transition=\u00bbon\u00bb button_link=\u00bb@ET-DC@eyJkeW5hbWljIjp0cnVlLCJjb250ZW50IjoicG9zdF9saW5rX3VybF9wYWdlIiwic2V0dGluZ3MiOnsicG9zdF9pZCI6IjIzNzA4NiJ9fQ==@\u00bb _dynamic_attributes=\u00bbbutton_link\u00bb sticky_enabled=\u00bb0&#8243;]<\/p>\n<p><span class=\"s1\"><\/span>Dise\u00f1ada para soportar altas presiones y garantizar la seguridad en entornos exigentes<\/p>\n<p>[\/et_pb_slide][et_pb_slide heading=\u00bbV\u00c1LVULA DE ALIVIO DE PRESI\u00d3N EN SISTEMAS DE VAPOR\u00bb button_text=\u00bbInfo\u00bb image=\u00bbhttps:\/\/valvulascuevas.com.mx\/wp-content\/uploads\/2024\/02\/valvualiv2.png\u00bb arrows_custom_color=\u00bb#D8002E\u00bb dot_nav_custom_color=\u00bb#D8002E\u00bb _builder_version=\u00bb4.24.2&#8243; _module_preset=\u00bbdefault\u00bb header_font=\u00bbPoppins|600|||||||\u00bb header_font_size=\u00bb21px\u00bb header_letter_spacing=\u00bb0px\u00bb body_font=\u00bbPoppins||||||||\u00bb body_text_color=\u00bb#FAFAFA\u00bb body_line_height=\u00bb1.1em\u00bb background_color=\u00bbRGBA(255,255,255,0)\u00bb background_enable_color=\u00bbon\u00bb custom_button=\u00bbon\u00bb button_text_size=\u00bb14px\u00bb button_border_color=\u00bb#D8002E\u00bb button_icon_color=\u00bb#FAFAFA\u00bb text_orientation=\u00bbleft\u00bb width_last_edited=\u00bboff|desktop\u00bb locked=\u00bboff\u00bb global_colors_info=\u00bb{}\u00bb width__hover_enabled=\u00bboff|desktop\u00bb sticky_transition=\u00bbon\u00bb]<\/p>\n<p><span class=\"s1\"><\/span><\/p>\n<p><span class=\"s1\"><\/span>La soluci\u00f3n ideal para liberar presi\u00f3n y evitar posibles da\u00f1os en sistemas de vapor.<\/p>\n<p>[\/et_pb_slide][et_pb_slide heading=\u00bbV\u00c1LVULA DE ALIVIO  EN TANQUES DE ALMACENAMIENTO\u00bb button_text=\u00bbInfo\u00bb image=\u00bbhttps:\/\/valvulascuevas.com.mx\/wp-content\/uploads\/2024\/02\/aliviotanq.png\u00bb arrows_custom_color=\u00bb#D8002E\u00bb dot_nav_custom_color=\u00bb#D8002E\u00bb _builder_version=\u00bb4.24.2&#8243; _module_preset=\u00bbdefault\u00bb header_font=\u00bbPoppins|600|||||||\u00bb header_font_size=\u00bb21px\u00bb header_letter_spacing=\u00bb0px\u00bb body_font=\u00bbPoppins||||||||\u00bb body_text_color=\u00bb#FAFAFA\u00bb body_line_height=\u00bb1.1em\u00bb background_color=\u00bbRGBA(255,255,255,0)\u00bb background_enable_color=\u00bbon\u00bb custom_button=\u00bbon\u00bb button_text_size=\u00bb14px\u00bb button_border_color=\u00bb#D8002E\u00bb button_icon_color=\u00bb#FAFAFA\u00bb text_orientation=\u00bbleft\u00bb width_last_edited=\u00bboff|desktop\u00bb locked=\u00bboff\u00bb global_colors_info=\u00bb{}\u00bb width__hover_enabled=\u00bboff|desktop\u00bb sticky_transition=\u00bbon\u00bb]<\/p>\n<p><span class=\"s1\"><\/span><\/p>\n<p><span class=\"s1\"><\/span>Protege tus tanques de almacenamiento de posibles sobrepresiones y riesgos de seguridad.<\/p>\n<p>[\/et_pb_slide][\/et_pb_slider][\/et_pb_column][\/et_pb_row][\/et_pb_section][et_pb_section fb_built=\u00bb1&#8243; prev_background_color=\u00bb#13154c\u00bb _builder_version=\u00bb4.24.2&#8243; _module_preset=\u00bbdefault\u00bb background_image=\u00bbhttps:\/\/valvulascuevas.com.mx\/wp-content\/uploads\/2024\/02\/back1-scaled.jpg\u00bb parallax=\u00bbon\u00bb custom_padding=\u00bb85px||85px||true|false\u00bb top_divider_style=\u00bbmountains2&#8243; da_disable_devices=\u00bboff|off|off\u00bb global_colors_info=\u00bb{}\u00bb da_is_popup=\u00bboff\u00bb da_exit_intent=\u00bboff\u00bb da_has_close=\u00bbon\u00bb da_alt_close=\u00bboff\u00bb da_dark_close=\u00bboff\u00bb da_not_modal=\u00bbon\u00bb da_is_singular=\u00bboff\u00bb da_with_loader=\u00bboff\u00bb da_has_shadow=\u00bbon\u00bb][et_pb_row _builder_version=\u00bb4.24.2&#8243; _module_preset=\u00bbdefault\u00bb global_colors_info=\u00bb{}\u00bb][et_pb_column type=\u00bb4_4&#8243; _builder_version=\u00bb4.24.2&#8243; _module_preset=\u00bbdefault\u00bb global_colors_info=\u00bb{}\u00bb][et_pb_text _builder_version=\u00bb4.24.2&#8243; _module_preset=\u00bbdefault\u00bb text_font=\u00bbPoppins|600|||||||\u00bb text_text_color=\u00bb#333333&#8243; header_font=\u00bbPoppins|800|||||||\u00bb header_text_color=\u00bb#0D2A7A\u00bb text_orientation=\u00bbcenter\u00bb global_colors_info=\u00bb{}\u00bb]<\/p>\n<h1 class=\"p1\" style=\"text-align: center;\">\u00bfPor qu\u00e9 son Importantes las V\u00e1lvulas de Seguridad y de Alivio?<\/h1>\n<p class=\"p1\">\n<p class=\"p1\" style=\"text-align: justify;\">Aqu\u00ed en VALVULAS HERMANOS CUEVAS VC, entendemos que las v\u00e1lvulas de seguridad y de alivio son elementos cr\u00edticos en cualquier sistema industrial. Estas v\u00e1lvulas desempe\u00f1an un papel vital en la protecci\u00f3n de personal, equipos y procesos contra posibles sobrepresiones y sobrecalentamientos que podr\u00edan ocasionar accidentes graves y p\u00e9rdidas econ\u00f3micas.<\/p>\n<p class=\"p2\" style=\"text-align: justify;\">\n<p class=\"p1\" style=\"text-align: justify;\">Nuestro objetivo es proporcionarte soluciones confiables que te permitan operar con tranquilidad, sabiendo que tus equipos est\u00e1n protegidos y tus operaciones se mantienen seguras y eficientes.<\/p>\n<p>[\/et_pb_text][et_pb_image src=\u00bbhttps:\/\/valvulascuevas.com.mx\/wp-content\/uploads\/2024\/02\/valvulas.png\u00bb title_text=\u00bbvalvulas\u00bb align=\u00bbcenter\u00bb _builder_version=\u00bb4.24.2&#8243; _module_preset=\u00bbdefault\u00bb global_colors_info=\u00bb{}\u00bb transform_styles__hover_enabled=\u00bbon|hover\u00bb transform_scale__hover_enabled=\u00bbon|hover\u00bb transform_translate__hover_enabled=\u00bbon|desktop\u00bb transform_rotate__hover_enabled=\u00bbon|desktop\u00bb transform_skew__hover_enabled=\u00bbon|desktop\u00bb transform_origin__hover_enabled=\u00bbon|desktop\u00bb transform_scale__hover=\u00bb104%|104%\u00bb][\/et_pb_image][\/et_pb_column][\/et_pb_row][\/et_pb_section][et_pb_section fb_built=\u00bb1&#8243; _builder_version=\u00bb4.24.2&#8243; _module_preset=\u00bbdefault\u00bb background_color=\u00bb#13154c\u00bb background_image=\u00bbhttps:\/\/valvulascuevas.com.mx\/wp-content\/uploads\/2024\/02\/fondoval.jpeg\u00bb background_blend=\u00bboverlay\u00bb da_disable_devices=\u00bboff|off|off\u00bb global_colors_info=\u00bb{}\u00bb da_is_popup=\u00bboff\u00bb da_exit_intent=\u00bboff\u00bb da_has_close=\u00bbon\u00bb da_alt_close=\u00bboff\u00bb da_dark_close=\u00bboff\u00bb da_not_modal=\u00bbon\u00bb da_is_singular=\u00bboff\u00bb da_with_loader=\u00bboff\u00bb da_has_shadow=\u00bbon\u00bb][et_pb_row _builder_version=\u00bb4.24.2&#8243; _module_preset=\u00bbdefault\u00bb global_colors_info=\u00bb{}\u00bb][et_pb_column type=\u00bb4_4&#8243; _builder_version=\u00bb4.24.2&#8243; _module_preset=\u00bbdefault\u00bb global_colors_info=\u00bb{}\u00bb][et_pb_text _builder_version=\u00bb4.24.2&#8243; _module_preset=\u00bbdefault\u00bb text_font=\u00bbPoppins||||||||\u00bb text_text_color=\u00bb#FAFAFA\u00bb text_font_size=\u00bb18px\u00bb header_text_color=\u00bb#FAFAFA\u00bb global_colors_info=\u00bb{}\u00bb]<\/p>\n<h1 style=\"text-align: center;\"><strong>SOLICITA TU COTIZACI\u00d3N<\/strong><\/h1>\n<p class=\"p1\" style=\"text-align: center;\">\u00a1No esperes m\u00e1s para garantizar la seguridad en tus operaciones industriales! <br \/>Cont\u00e1ctanos hoy mismo y perm\u00edtenos asesorarte para encontrar la v\u00e1lvula perfecta para tus necesidades.<\/p>\n<p>[\/et_pb_text][et_pb_button button_text=\u00bbCOTIZACI\u00d3N\u00bb button_alignment=\u00bbcenter\u00bb _builder_version=\u00bb4.24.2&#8243; _module_preset=\u00bbdefault\u00bb global_colors_info=\u00bb{}\u00bb][\/et_pb_button][\/et_pb_column][\/et_pb_row][\/et_pb_section]<\/p>\n","protected":false},"excerpt":{"rendered":"<p>SOMOS UNA EMPRESA 100% MEXICANA DONDE LA CALIDAD Y COMPROMISO NOS DISTINGUE DE LOS DEMASBRINDAMOS SERVICIOS DE CALIDAD CON AMPLIA EXPERIENCIA Y CONOCIMIENTO EN EL SECTOR, SIENDO UNOS DE LOS FABRICANTES MAS RECONOCIDOS A NIVEL NACIONALSomos una empresa l\u00edder en la venta de v\u00e1lvulas de seguridad y de alivio EN ACERO Y BRONCE (ROSCADAS Y [&hellip;]<\/p>\n","protected":false},"author":1,"featured_media":0,"parent":0,"menu_order":0,"comment_status":"closed","ping_status":"closed","template":"","meta":{"_et_pb_use_builder":"on","_et_pb_old_content":"","_et_gb_content_width":"","footnotes":""},"class_list":["post-39","page","type-page","status-publish","hentry"],"_links":{"self":[{"href":"https:\/\/valvulascuevas.com.mx\/index.php\/wp-json\/wp\/v2\/pages\/39","targetHints":{"allow":["GET"]}}],"collection":[{"href":"https:\/\/valvulascuevas.com.mx\/index.php\/wp-json\/wp\/v2\/pages"}],"about":[{"href":"https:\/\/valvulascuevas.com.mx\/index.php\/wp-json\/wp\/v2\/types\/page"}],"author":[{"embeddable":true,"href":"https:\/\/valvulascuevas.com.mx\/index.php\/wp-json\/wp\/v2\/users\/1"}],"replies":[{"embeddable":true,"href":"https:\/\/valvulascuevas.com.mx\/index.php\/wp-json\/wp\/v2\/comments?post=39"}],"version-history":[{"count":44,"href":"https:\/\/valvulascuevas.com.mx\/index.php\/wp-json\/wp\/v2\/pages\/39\/revisions"}],"predecessor-version":[{"id":237167,"href":"https:\/\/valvulascuevas.com.mx\/index.php\/wp-json\/wp\/v2\/pages\/39\/revisions\/237167"}],"wp:attachment":[{"href":"https:\/\/valvulascuevas.com.mx\/index.php\/wp-json\/wp\/v2\/media?parent=39"}],"curies":[{"name":"wp","href":"https:\/\/api.w.org\/{rel}","templated":true}]}}