{"id":237125,"date":"2024-10-11T06:44:11","date_gmt":"2024-10-11T04:44:11","guid":{"rendered":"https:\/\/valvulascuevas.com.mx\/?page_id=237125"},"modified":"2024-10-18T00:02:18","modified_gmt":"2024-10-17T22:02:18","slug":"valvulas-1800","status":"publish","type":"page","link":"https:\/\/valvulascuevas.com.mx\/index.php\/valvulas-1800\/","title":{"rendered":"Valvulas 1800"},"content":{"rendered":"<p>[et_pb_section fb_built=\u00bb1&#8243; _builder_version=\u00bb4.24.3&#8243; _module_preset=\u00bbdefault\u00bb background_color=\u00bbrgba(150,100,57,0.77)\u00bb background_image=\u00bbhttps:\/\/valvulascuevas.com.mx\/wp-content\/uploads\/2024\/03\/bronce.jpg\u00bb background_blend=\u00bboverlay\u00bb custom_padding=\u00bb||60px|||\u00bb da_disable_devices=\u00bboff|off|off\u00bb global_colors_info=\u00bb{}\u00bb da_is_popup=\u00bboff\u00bb da_exit_intent=\u00bboff\u00bb da_has_close=\u00bbon\u00bb da_alt_close=\u00bboff\u00bb da_dark_close=\u00bboff\u00bb da_not_modal=\u00bbon\u00bb da_is_singular=\u00bboff\u00bb da_with_loader=\u00bboff\u00bb da_has_shadow=\u00bbon\u00bb][et_pb_row _builder_version=\u00bb4.24.2&#8243; _module_preset=\u00bbdefault\u00bb global_colors_info=\u00bb{}\u00bb][et_pb_column type=\u00bb4_4&#8243; _builder_version=\u00bb4.24.2&#8243; _module_preset=\u00bbdefault\u00bb global_colors_info=\u00bb{}\u00bb][et_pb_text _builder_version=\u00bb4.24.3&#8243; _module_preset=\u00bbdefault\u00bb text_font=\u00bbPoppins||||||||\u00bb text_text_color=\u00bb#FFFFFF\u00bb text_font_size=\u00bb20px\u00bb header_font=\u00bbPoppins|800|||||||\u00bb header_text_color=\u00bb#FFFFFF\u00bb header_font_size=\u00bb40px\u00bb header_text_shadow_style=\u00bbpreset1&#8243; global_colors_info=\u00bb{}\u00bb]<\/p>\n<h1>V\u00c1LVULA DE SEGURIDAD MODELO 1800<\/h1>\n<p>[\/et_pb_text][\/et_pb_column][\/et_pb_row][\/et_pb_section][et_pb_section fb_built=\u00bb1&#8243; prev_background_color=\u00bbrgba(150,100,57,0.77)\u00bb _builder_version=\u00bb4.24.3&#8243; _module_preset=\u00bbdefault\u00bb background_color=\u00bb#FAFAFA\u00bb background_image=\u00bbhttps:\/\/valvulascuevas.com.mx\/wp-content\/uploads\/2024\/02\/back1-scaled.jpg\u00bb background_size=\u00bbstretch\u00bb custom_padding=\u00bb40px|||||\u00bb top_divider_style=\u00bbmountains2&#8243; top_divider_repeat=\u00bb1x\u00bb background_last_edited=\u00bboff|desktop\u00bb da_disable_devices=\u00bboff|off|off\u00bb global_colors_info=\u00bb{}\u00bb da_is_popup=\u00bboff\u00bb da_exit_intent=\u00bboff\u00bb da_has_close=\u00bbon\u00bb da_alt_close=\u00bboff\u00bb da_dark_close=\u00bboff\u00bb da_not_modal=\u00bbon\u00bb da_is_singular=\u00bboff\u00bb da_with_loader=\u00bboff\u00bb da_has_shadow=\u00bbon\u00bb][et_pb_row _builder_version=\u00bb4.24.3&#8243; _module_preset=\u00bbdefault\u00bb global_colors_info=\u00bb{}\u00bb][et_pb_column type=\u00bb4_4&#8243; _builder_version=\u00bb4.24.3&#8243; _module_preset=\u00bbdefault\u00bb global_colors_info=\u00bb{}\u00bb][et_pb_heading title=\u00bbCARACTERISTICAS DEL MODELO 1800&#8243; _builder_version=\u00bb4.24.3&#8243; _module_preset=\u00bbdefault\u00bb title_font=\u00bbPoppins|700|||||||\u00bb title_text_color=\u00bb#0D2A7A\u00bb global_colors_info=\u00bb{}\u00bb][\/et_pb_heading][\/et_pb_column][\/et_pb_row][et_pb_row column_structure=\u00bb1_2,1_2&#8243; _builder_version=\u00bb4.24.3&#8243; _module_preset=\u00bbdefault\u00bb custom_padding=\u00bb||15px|||\u00bb global_colors_info=\u00bb{}\u00bb][et_pb_column type=\u00bb1_2&#8243; _builder_version=\u00bb4.24.3&#8243; _module_preset=\u00bbdefault\u00bb global_colors_info=\u00bb{}\u00bb][et_pb_text _builder_version=\u00bb4.24.3&#8243; _module_preset=\u00bbdefault\u00bb text_font=\u00bbPoppins||||||||\u00bb text_text_color=\u00bb#0D2A7A\u00bb text_orientation=\u00bbjustified\u00bb global_colors_info=\u00bb{}\u00bb]<\/p>\n<p class=\"p1\"><b>\u00bfCu\u00e1l es la funci\u00f3n de la v\u00e1lvula?<\/b><\/p>\n<p class=\"p1\">VC Modelo 1800\/V\u00e1lvula De Seguridad -Producto De Seguridad<\/p>\n<p class=\"p1\">Modelo 1800 de 2&#8243;<br \/>Modelo 1800 de 3&#8243;<\/p>\n<p class=\"p1\">Cada v\u00e1lvula es probada\u00a0 e inspeccionada para el ajuste de presi\u00f3n, que requiere cada cliente.<\/p>\n<p>[\/et_pb_text][\/et_pb_column][et_pb_column type=\u00bb1_2&#8243; _builder_version=\u00bb4.24.3&#8243; _module_preset=\u00bbdefault\u00bb global_colors_info=\u00bb{}\u00bb][et_pb_gallery gallery_ids=\u00bb237130,237131,237132,237133,237134,237135,237136&#8243; posts_number=\u00bb2&#8243; show_title_and_caption=\u00bboff\u00bb _builder_version=\u00bb4.24.3&#8243; _module_preset=\u00bbdefault\u00bb pagination_text_color=\u00bb#0D2A7A\u00bb border_radii=\u00bbon|10px|10px|10px|10px\u00bb box_shadow_style_image=\u00bbpreset3&#8243; global_colors_info=\u00bb{}\u00bb][\/et_pb_gallery][\/et_pb_column][\/et_pb_row][et_pb_row column_structure=\u00bb1_3,1_3,1_3&#8243; _builder_version=\u00bb4.24.3&#8243; _module_preset=\u00bbdefault\u00bb global_colors_info=\u00bb{}\u00bb][et_pb_column type=\u00bb1_3&#8243; _builder_version=\u00bb4.24.3&#8243; _module_preset=\u00bbdefault\u00bb global_colors_info=\u00bb{}\u00bb][et_pb_text _builder_version=\u00bb4.24.3&#8243; _module_preset=\u00bbdefault\u00bb text_font=\u00bbPoppins||||||||\u00bb text_text_color=\u00bb#0D2A7A\u00bb header_3_text_color=\u00bb#D8002E\u00bb text_orientation=\u00bbjustified\u00bb global_colors_info=\u00bb{}\u00bb]<\/p>\n<h3 class=\"p1\">\u00bfC\u00f3mo funciona?<\/h3>\n<p class=\"p2\">Su funci\u00f3n es permitir que escape cualquier exceso de presi\u00f3n generada dentro de una \u00e1rea, evitando que dicha sobrepresi\u00f3n ponga en riesgo su personal e instalaciones y equipo.<\/p>\n<p>[\/et_pb_text][\/et_pb_column][et_pb_column type=\u00bb1_3&#8243; _builder_version=\u00bb4.24.3&#8243; _module_preset=\u00bbdefault\u00bb global_colors_info=\u00bb{}\u00bb][et_pb_text _builder_version=\u00bb4.24.3&#8243; _module_preset=\u00bbdefault\u00bb text_font=\u00bbPoppins||||||||\u00bb text_text_color=\u00bb#0D2A7A\u00bb header_2_text_color=\u00bb#D8002E\u00bb header_2_font_size=\u00bb20px\u00bb header_3_text_color=\u00bb#D8002E\u00bb text_orientation=\u00bbjustified\u00bb global_colors_info=\u00bb{}\u00bb]<\/p>\n<h3 data-sourcepos=\"1:1-1:47\">Componentes de una V\u00e1lvula de Alivio Roscada<\/h3>\n<p class=\"p1\">Una v\u00e1lvula de alivio roscada, est\u00e1 compuesta por varias partes que trabajan en conjunto para garantizar su correcto funcionamiento. Estos componentes son:<\/p>\n<ul class=\"ul1\">\n<li class=\"li1\"><span class=\"s1\"><\/span><b>Cuerpo<\/b><\/li>\n<li class=\"li1\"><span class=\"s1\"><\/span><b>Anillo de ajuste<\/b><\/li>\n<li class=\"li1\"><span class=\"s1\"><\/span><b>Disco<\/b><\/li>\n<li class=\"li1\"><span class=\"s1\"><\/span><b>Reten<\/b><\/li>\n<li class=\"li1\"><span class=\"s1\"><\/span><b>Resorte<\/b><\/li>\n<li class=\"li1\"><span class=\"s1\"><\/span><b>Tornillo de ajuste del anillo<\/b><\/li>\n<li class=\"li1\"><span class=\"s1\"><\/span><b>Bonete<\/b><\/li>\n<li class=\"li1\"><span class=\"s1\"><\/span><b>Gu\u00eda<\/b><\/li>\n<li class=\"li1\"><span class=\"s1\"><\/span><b>Flecha<\/b><\/li>\n<li class=\"li1\"><span class=\"s1\"><\/span><b>Accionador manual<\/b><\/li>\n<\/ul>\n<ul data-sourcepos=\"5:1-11:0\"><\/ul>\n<p>[\/et_pb_text][\/et_pb_column][et_pb_column type=\u00bb1_3&#8243; _builder_version=\u00bb4.24.3&#8243; _module_preset=\u00bbdefault\u00bb global_colors_info=\u00bb{}\u00bb][et_pb_text _builder_version=\u00bb4.24.3&#8243; _module_preset=\u00bbdefault\u00bb text_font=\u00bbPoppins||||||||\u00bb text_text_color=\u00bb#0D2A7A\u00bb header_3_text_color=\u00bb#D8002E\u00bb text_orientation=\u00bbjustified\u00bb global_colors_info=\u00bb{}\u00bb]<\/p>\n<h3 class=\"p1\">\u00bfD\u00f3nde se utiliza?<\/h3>\n<ul class=\"ul1\">\n<li class=\"li2\"><span class=\"s1\"><\/span>Para la protecci\u00f3n de sociadores de alto volumen de baja a media presi\u00f3n. compresores y equipos de transporte a granel.<\/li>\n<\/ul>\n<p>[\/et_pb_text][\/et_pb_column][\/et_pb_row][et_pb_row column_structure=\u00bb1_2,1_2&#8243; _builder_version=\u00bb4.24.3&#8243; _module_preset=\u00bbdefault\u00bb global_colors_info=\u00bb{}\u00bb][et_pb_column type=\u00bb1_2&#8243; _builder_version=\u00bb4.24.3&#8243; _module_preset=\u00bbdefault\u00bb global_colors_info=\u00bb{}\u00bb][et_pb_button button_text=\u00bbFICHA TECNICA\u00bb button_alignment=\u00bbcenter\u00bb _builder_version=\u00bb4.24.3&#8243; _module_preset=\u00bbdefault\u00bb custom_button=\u00bbon\u00bb button_text_color=\u00bb#D8002E\u00bb button_icon=\u00bb&#xf1c1;||fa||400&#8243; hover_enabled=\u00bb0&#8243; global_colors_info=\u00bb{}\u00bb button_url=\u00bbhttps:\/\/valvulascuevas.com.mx\/wp-content\/uploads\/2024\/10\/Ficha1800.pdf\u00bb url_new_window=\u00bbon\u00bb sticky_enabled=\u00bb0&#8243;][\/et_pb_button][\/et_pb_column][et_pb_column type=\u00bb1_2&#8243; _builder_version=\u00bb4.24.3&#8243; _module_preset=\u00bbdefault\u00bb global_colors_info=\u00bb{}\u00bb][et_pb_button button_text=\u00bbCOTIZAR\u00bb button_alignment=\u00bbcenter\u00bb _builder_version=\u00bb4.24.3&#8243; _module_preset=\u00bbdefault\u00bb global_colors_info=\u00bb{}\u00bb][\/et_pb_button][\/et_pb_column][\/et_pb_row][\/et_pb_section]<\/p>\n","protected":false},"excerpt":{"rendered":"<p>V\u00c1LVULA DE SEGURIDAD MODELO 1800\u00bfCu\u00e1l es la funci\u00f3n de la v\u00e1lvula? VC Modelo 1800\/V\u00e1lvula De Seguridad -Producto De Seguridad Modelo 1800 de 2&#8243;Modelo 1800 de 3&#8243; Cada v\u00e1lvula es probada\u00a0 e inspeccionada para el ajuste de presi\u00f3n, que requiere cada cliente.\u00bfC\u00f3mo funciona? Su funci\u00f3n es permitir que escape cualquier exceso de presi\u00f3n generada dentro de [&hellip;]<\/p>\n","protected":false},"author":1,"featured_media":0,"parent":0,"menu_order":0,"comment_status":"closed","ping_status":"closed","template":"","meta":{"_et_pb_use_builder":"on","_et_pb_old_content":"","_et_gb_content_width":"","footnotes":""},"class_list":["post-237125","page","type-page","status-publish","hentry"],"_links":{"self":[{"href":"https:\/\/valvulascuevas.com.mx\/index.php\/wp-json\/wp\/v2\/pages\/237125","targetHints":{"allow":["GET"]}}],"collection":[{"href":"https:\/\/valvulascuevas.com.mx\/index.php\/wp-json\/wp\/v2\/pages"}],"about":[{"href":"https:\/\/valvulascuevas.com.mx\/index.php\/wp-json\/wp\/v2\/types\/page"}],"author":[{"embeddable":true,"href":"https:\/\/valvulascuevas.com.mx\/index.php\/wp-json\/wp\/v2\/users\/1"}],"replies":[{"embeddable":true,"href":"https:\/\/valvulascuevas.com.mx\/index.php\/wp-json\/wp\/v2\/comments?post=237125"}],"version-history":[{"count":5,"href":"https:\/\/valvulascuevas.com.mx\/index.php\/wp-json\/wp\/v2\/pages\/237125\/revisions"}],"predecessor-version":[{"id":237157,"href":"https:\/\/valvulascuevas.com.mx\/index.php\/wp-json\/wp\/v2\/pages\/237125\/revisions\/237157"}],"wp:attachment":[{"href":"https:\/\/valvulascuevas.com.mx\/index.php\/wp-json\/wp\/v2\/media?parent=237125"}],"curies":[{"name":"wp","href":"https:\/\/api.w.org\/{rel}","templated":true}]}}