{"id":237104,"date":"2024-10-10T06:44:30","date_gmt":"2024-10-10T04:44:30","guid":{"rendered":"https:\/\/valvulascuevas.com.mx\/?page_id=237104"},"modified":"2024-10-17T21:19:48","modified_gmt":"2024-10-17T19:19:48","slug":"valvulas-1600","status":"publish","type":"page","link":"https:\/\/valvulascuevas.com.mx\/index.php\/valvulas-1600\/","title":{"rendered":"Valvulas 1600"},"content":{"rendered":"<p>[et_pb_section fb_built=\u00bb1&#8243; _builder_version=\u00bb4.24.3&#8243; _module_preset=\u00bbdefault\u00bb background_color=\u00bbrgba(150,100,57,0.77)\u00bb background_image=\u00bbhttps:\/\/valvulascuevas.com.mx\/wp-content\/uploads\/2024\/03\/bronce.jpg\u00bb background_blend=\u00bboverlay\u00bb custom_padding=\u00bb||60px|||\u00bb da_disable_devices=\u00bboff|off|off\u00bb global_colors_info=\u00bb{}\u00bb da_is_popup=\u00bboff\u00bb da_exit_intent=\u00bboff\u00bb da_has_close=\u00bbon\u00bb da_alt_close=\u00bboff\u00bb da_dark_close=\u00bboff\u00bb da_not_modal=\u00bbon\u00bb da_is_singular=\u00bboff\u00bb da_with_loader=\u00bboff\u00bb da_has_shadow=\u00bbon\u00bb][et_pb_row _builder_version=\u00bb4.24.2&#8243; _module_preset=\u00bbdefault\u00bb global_colors_info=\u00bb{}\u00bb][et_pb_column type=\u00bb4_4&#8243; _builder_version=\u00bb4.24.2&#8243; _module_preset=\u00bbdefault\u00bb global_colors_info=\u00bb{}\u00bb][et_pb_text _builder_version=\u00bb4.24.3&#8243; _module_preset=\u00bbdefault\u00bb text_font=\u00bbPoppins||||||||\u00bb text_text_color=\u00bb#FFFFFF\u00bb text_font_size=\u00bb20px\u00bb header_font=\u00bbPoppins|800|||||||\u00bb header_text_color=\u00bb#FFFFFF\u00bb header_font_size=\u00bb40px\u00bb header_text_shadow_style=\u00bbpreset1&#8243; global_colors_info=\u00bb{}\u00bb]<\/p>\n<h1>V\u00c1LVULA DE ALIVIO ROSCADA MODELO 1600<\/h1>\n<p>Una v\u00e1lvula de alivio roscada es como un \u00abseguro\u00bb para tus sistemas de fluidos.<\/p>\n<p>[\/et_pb_text][\/et_pb_column][\/et_pb_row][\/et_pb_section][et_pb_section fb_built=\u00bb1&#8243; prev_background_color=\u00bbrgba(150,100,57,0.77)\u00bb _builder_version=\u00bb4.24.3&#8243; _module_preset=\u00bbdefault\u00bb background_color=\u00bb#FAFAFA\u00bb background_image=\u00bbhttps:\/\/valvulascuevas.com.mx\/wp-content\/uploads\/2024\/02\/back1-scaled.jpg\u00bb background_size=\u00bbstretch\u00bb custom_padding=\u00bb40px|||||\u00bb top_divider_style=\u00bbmountains2&#8243; top_divider_repeat=\u00bb1x\u00bb background_last_edited=\u00bboff|desktop\u00bb da_disable_devices=\u00bboff|off|off\u00bb global_colors_info=\u00bb{}\u00bb da_is_popup=\u00bboff\u00bb da_exit_intent=\u00bboff\u00bb da_has_close=\u00bbon\u00bb da_alt_close=\u00bboff\u00bb da_dark_close=\u00bboff\u00bb da_not_modal=\u00bbon\u00bb da_is_singular=\u00bboff\u00bb da_with_loader=\u00bboff\u00bb da_has_shadow=\u00bbon\u00bb][et_pb_row _builder_version=\u00bb4.24.3&#8243; _module_preset=\u00bbdefault\u00bb global_colors_info=\u00bb{}\u00bb][et_pb_column type=\u00bb4_4&#8243; _builder_version=\u00bb4.24.3&#8243; _module_preset=\u00bbdefault\u00bb global_colors_info=\u00bb{}\u00bb][et_pb_heading title=\u00bbCARACTERISTICAS DEL MODELO 1600&#8243; _builder_version=\u00bb4.24.3&#8243; _module_preset=\u00bbdefault\u00bb title_font=\u00bbPoppins|700|||||||\u00bb title_text_color=\u00bb#0D2A7A\u00bb global_colors_info=\u00bb{}\u00bb][\/et_pb_heading][\/et_pb_column][\/et_pb_row][et_pb_row column_structure=\u00bb1_2,1_2&#8243; _builder_version=\u00bb4.24.3&#8243; _module_preset=\u00bbdefault\u00bb custom_padding=\u00bb||15px|||\u00bb global_colors_info=\u00bb{}\u00bb][et_pb_column type=\u00bb1_2&#8243; _builder_version=\u00bb4.24.3&#8243; _module_preset=\u00bbdefault\u00bb global_colors_info=\u00bb{}\u00bb][et_pb_text _builder_version=\u00bb4.24.3&#8243; _module_preset=\u00bbdefault\u00bb text_font=\u00bbPoppins||||||||\u00bb text_text_color=\u00bb#0D2A7A\u00bb text_orientation=\u00bbjustified\u00bb global_colors_info=\u00bb{}\u00bb]<\/p>\n<p><strong>\u00bfQu\u00e9 es una V\u00e1lvula de alivio Roscada?<\/strong><\/p>\n<p>Una v\u00e1lvula de alivio roscada es un componente esencial en cualquier sistema donde el control de la presi\u00f3n es crucial. Su funci\u00f3n principal es proteger equipos y personas al prevenir da\u00f1os causados por la sobrepresi\u00f3n.<\/p>\n<p>[\/et_pb_text][\/et_pb_column][et_pb_column type=\u00bb1_2&#8243; _builder_version=\u00bb4.24.3&#8243; _module_preset=\u00bbdefault\u00bb global_colors_info=\u00bb{}\u00bb][et_pb_gallery gallery_ids=\u00bb237107,237108,237109,237110,237111,237112,237113,237114,237115,237116,237117,237118,237119,237120&#8243; posts_number=\u00bb2&#8243; show_title_and_caption=\u00bboff\u00bb _builder_version=\u00bb4.24.3&#8243; _module_preset=\u00bbdefault\u00bb pagination_text_color=\u00bb#0D2A7A\u00bb border_radii=\u00bbon|10px|10px|10px|10px\u00bb box_shadow_style_image=\u00bbpreset3&#8243; global_colors_info=\u00bb{}\u00bb][\/et_pb_gallery][\/et_pb_column][\/et_pb_row][et_pb_row column_structure=\u00bb1_3,1_3,1_3&#8243; _builder_version=\u00bb4.24.3&#8243; _module_preset=\u00bbdefault\u00bb global_colors_info=\u00bb{}\u00bb][et_pb_column type=\u00bb1_3&#8243; _builder_version=\u00bb4.24.3&#8243; _module_preset=\u00bbdefault\u00bb global_colors_info=\u00bb{}\u00bb][et_pb_text _builder_version=\u00bb4.24.3&#8243; _module_preset=\u00bbdefault\u00bb text_font=\u00bbPoppins||||||||\u00bb text_text_color=\u00bb#0D2A7A\u00bb header_3_text_color=\u00bb#D8002E\u00bb text_orientation=\u00bbjustified\u00bb global_colors_info=\u00bb{}\u00bb]<\/p>\n<h3 data-sourcepos=\"5:1-5:19\">C\u00f3mo funciona?<\/h3>\n<ol data-sourcepos=\"6:1-9:0\">\n<li data-sourcepos=\"6:1-6:87\"><strong>Detecta la presi\u00f3n:<\/strong> Dentro de la v\u00e1lvula hay un mecanismo sensible a la presi\u00f3n.<\/li>\n<li data-sourcepos=\"7:1-7:159\"><strong>Se abre cuando es necesario:<\/strong> Si la presi\u00f3n supera un l\u00edmite determinado, la v\u00e1lvula se abre autom\u00e1ticamente, permitiendo que el exceso de fluido escape.<\/li>\n<li data-sourcepos=\"8:1-9:0\"><strong>Se cierra sola:<\/strong> Una vez que la presi\u00f3n baja, la v\u00e1lvula se cierra para evitar fugas.<\/li>\n<\/ol>\n<p>[\/et_pb_text][\/et_pb_column][et_pb_column type=\u00bb1_3&#8243; _builder_version=\u00bb4.24.3&#8243; _module_preset=\u00bbdefault\u00bb global_colors_info=\u00bb{}\u00bb][et_pb_text _builder_version=\u00bb4.24.3&#8243; _module_preset=\u00bbdefault\u00bb text_font=\u00bbPoppins||||||||\u00bb text_text_color=\u00bb#0D2A7A\u00bb header_2_text_color=\u00bb#D8002E\u00bb header_2_font_size=\u00bb20px\u00bb header_3_text_color=\u00bb#D8002E\u00bb text_orientation=\u00bbjustified\u00bb global_colors_info=\u00bb{}\u00bb]<\/p>\n<h3 data-sourcepos=\"1:1-1:47\">Componentes de una V\u00e1lvula de Alivio Roscada<\/h3>\n<p data-sourcepos=\"3:1-3:198\">Una v\u00e1lvula de alivio roscada, est\u00e1 compuesta por varias partes que trabajan en conjunto para garantizar su correcto funcionamiento. Estos componentes son:<\/p>\n<ul data-sourcepos=\"5:1-11:0\">\n<li data-sourcepos=\"5:1-5:144\"><strong>Cuerpo:<\/strong> La estructura principal de la v\u00e1lvula, generalmente fabricada en lat\u00f3n o acero inoxidable. Le da forma y resistencia a la v\u00e1lvula.<\/li>\n<li data-sourcepos=\"6:1-6:138\"><strong>Asiento:<\/strong> Una superficie plana y pulida donde se apoya el disco o obturador. Forma un sello herm\u00e9tico cuando la v\u00e1lvula est\u00e1 cerrada.<\/li>\n<li data-sourcepos=\"7:1-7:195\"><strong>Disco o obturador:<\/strong> Un elemento m\u00f3vil que se ajusta al asiento para bloquear el flujo de fluido. Cuando la presi\u00f3n aumenta, el disco se levanta del asiento, permitiendo que el fluido escape.<\/li>\n<li data-sourcepos=\"8:1-8:140\"><strong>Resorte:<\/strong> Un elemento el\u00e1stico que ejerce una fuerza sobre el disco, manteni\u00e9ndolo cerrado hasta que la presi\u00f3n supera un cierto valor.<\/li>\n<li data-sourcepos=\"9:1-9:117\"><strong>Conexi\u00f3n roscada:<\/strong> La parte de la v\u00e1lvula que se enrosca en la tuber\u00eda o equipo, asegurando una uni\u00f3n herm\u00e9tica.<\/li>\n<li data-sourcepos=\"10:1-11:0\"><strong>Tuerca de ajuste:<\/strong> Permite ajustar la tensi\u00f3n del resorte, modificando as\u00ed la presi\u00f3n a la que se abrir\u00e1 la v\u00e1lvula.<\/li>\n<\/ul>\n<ul data-sourcepos=\"5:1-11:0\"><\/ul>\n<p>[\/et_pb_text][\/et_pb_column][et_pb_column type=\u00bb1_3&#8243; _builder_version=\u00bb4.24.3&#8243; _module_preset=\u00bbdefault\u00bb global_colors_info=\u00bb{}\u00bb][et_pb_text _builder_version=\u00bb4.24.3&#8243; _module_preset=\u00bbdefault\u00bb text_font=\u00bbPoppins||||||||\u00bb text_text_color=\u00bb#0D2A7A\u00bb header_3_text_color=\u00bb#D8002E\u00bb text_orientation=\u00bbjustified\u00bb global_colors_info=\u00bb{}\u00bb]<\/p>\n<h3 data-sourcepos=\"18:1-18:22\">\u00bfD\u00f3nde se utiliza?<\/h3>\n<ul data-sourcepos=\"19:1-23:0\">\n<li data-sourcepos=\"19:1-19:80\"><strong>Sistemas hidr\u00e1ulicos:<\/strong> Para proteger bombas, cilindros y otros componentes.<\/li>\n<li data-sourcepos=\"20:1-20:74\"><strong>Sistemas neum\u00e1ticos:<\/strong> Para proteger compresores y equipos neum\u00e1ticos.<\/li>\n<li data-sourcepos=\"21:1-21:60\"><strong>Calderas y sistemas de vapor:<\/strong> Para evitar explosiones.<\/li>\n<li data-sourcepos=\"22:1-23:0\"><strong>Sistemas de refrigeraci\u00f3n:<\/strong> Para controlar la presi\u00f3n en los circuitos.<\/li>\n<\/ul>\n<h3 data-sourcepos=\"24:1-24:48\"><\/h3>\n<p>[\/et_pb_text][\/et_pb_column][\/et_pb_row][et_pb_row column_structure=\u00bb1_2,1_2&#8243; _builder_version=\u00bb4.24.3&#8243; _module_preset=\u00bbdefault\u00bb global_colors_info=\u00bb{}\u00bb][et_pb_column type=\u00bb1_2&#8243; _builder_version=\u00bb4.24.3&#8243; _module_preset=\u00bbdefault\u00bb global_colors_info=\u00bb{}\u00bb][et_pb_button button_text=\u00bbFICHA TECNICA\u00bb button_alignment=\u00bbcenter\u00bb _builder_version=\u00bb4.24.3&#8243; _module_preset=\u00bbdefault\u00bb custom_button=\u00bbon\u00bb button_text_color=\u00bb#D8002E\u00bb button_icon=\u00bb&#xf1c1;||fa||400&#8243; hover_enabled=\u00bb0&#8243; global_colors_info=\u00bb{}\u00bb button_url=\u00bbhttps:\/\/valvulascuevas.com.mx\/wp-content\/uploads\/2024\/10\/FICHA1600.pdf\u00bb url_new_window=\u00bbon\u00bb sticky_enabled=\u00bb0&#8243;][\/et_pb_button][\/et_pb_column][et_pb_column type=\u00bb1_2&#8243; _builder_version=\u00bb4.24.3&#8243; _module_preset=\u00bbdefault\u00bb global_colors_info=\u00bb{}\u00bb][et_pb_button button_text=\u00bbCOTIZAR\u00bb button_alignment=\u00bbcenter\u00bb _builder_version=\u00bb4.24.3&#8243; _module_preset=\u00bbdefault\u00bb global_colors_info=\u00bb{}\u00bb][\/et_pb_button][\/et_pb_column][\/et_pb_row][\/et_pb_section]<\/p>\n","protected":false},"excerpt":{"rendered":"<p>V\u00c1LVULA DE ALIVIO ROSCADA MODELO 1600 Una v\u00e1lvula de alivio roscada es como un \u00abseguro\u00bb para tus sistemas de fluidos.\u00bfQu\u00e9 es una V\u00e1lvula de alivio Roscada? Una v\u00e1lvula de alivio roscada es un componente esencial en cualquier sistema donde el control de la presi\u00f3n es crucial. Su funci\u00f3n principal es proteger equipos y personas al [&hellip;]<\/p>\n","protected":false},"author":1,"featured_media":0,"parent":0,"menu_order":0,"comment_status":"closed","ping_status":"closed","template":"","meta":{"_et_pb_use_builder":"on","_et_pb_old_content":"","_et_gb_content_width":"","footnotes":""},"class_list":["post-237104","page","type-page","status-publish","hentry"],"_links":{"self":[{"href":"https:\/\/valvulascuevas.com.mx\/index.php\/wp-json\/wp\/v2\/pages\/237104","targetHints":{"allow":["GET"]}}],"collection":[{"href":"https:\/\/valvulascuevas.com.mx\/index.php\/wp-json\/wp\/v2\/pages"}],"about":[{"href":"https:\/\/valvulascuevas.com.mx\/index.php\/wp-json\/wp\/v2\/types\/page"}],"author":[{"embeddable":true,"href":"https:\/\/valvulascuevas.com.mx\/index.php\/wp-json\/wp\/v2\/users\/1"}],"replies":[{"embeddable":true,"href":"https:\/\/valvulascuevas.com.mx\/index.php\/wp-json\/wp\/v2\/comments?post=237104"}],"version-history":[{"count":4,"href":"https:\/\/valvulascuevas.com.mx\/index.php\/wp-json\/wp\/v2\/pages\/237104\/revisions"}],"predecessor-version":[{"id":237155,"href":"https:\/\/valvulascuevas.com.mx\/index.php\/wp-json\/wp\/v2\/pages\/237104\/revisions\/237155"}],"wp:attachment":[{"href":"https:\/\/valvulascuevas.com.mx\/index.php\/wp-json\/wp\/v2\/media?parent=237104"}],"curies":[{"name":"wp","href":"https:\/\/api.w.org\/{rel}","templated":true}]}}