{"id":237086,"date":"2024-10-09T08:50:45","date_gmt":"2024-10-09T06:50:45","guid":{"rendered":"https:\/\/valvulascuevas.com.mx\/?page_id=237086"},"modified":"2024-10-17T21:19:04","modified_gmt":"2024-10-17T19:19:04","slug":"237086-2","status":"publish","type":"page","link":"https:\/\/valvulascuevas.com.mx\/index.php\/237086-2\/","title":{"rendered":"Valvulas 1500"},"content":{"rendered":"<p>[et_pb_section fb_built=\u00bb1&#8243; _builder_version=\u00bb4.24.3&#8243; _module_preset=\u00bbdefault\u00bb background_color=\u00bbrgba(150,100,57,0.77)\u00bb background_image=\u00bbhttps:\/\/valvulascuevas.com.mx\/wp-content\/uploads\/2024\/03\/bronce.jpg\u00bb background_blend=\u00bboverlay\u00bb custom_padding=\u00bb||60px|||\u00bb da_disable_devices=\u00bboff|off|off\u00bb global_colors_info=\u00bb{}\u00bb da_is_popup=\u00bboff\u00bb da_exit_intent=\u00bboff\u00bb da_has_close=\u00bbon\u00bb da_alt_close=\u00bboff\u00bb da_dark_close=\u00bboff\u00bb da_not_modal=\u00bbon\u00bb da_is_singular=\u00bboff\u00bb da_with_loader=\u00bboff\u00bb da_has_shadow=\u00bbon\u00bb][et_pb_row _builder_version=\u00bb4.24.2&#8243; _module_preset=\u00bbdefault\u00bb global_colors_info=\u00bb{}\u00bb][et_pb_column type=\u00bb4_4&#8243; _builder_version=\u00bb4.24.2&#8243; _module_preset=\u00bbdefault\u00bb global_colors_info=\u00bb{}\u00bb][et_pb_text _builder_version=\u00bb4.24.3&#8243; _module_preset=\u00bbdefault\u00bb text_font=\u00bbPoppins||||||||\u00bb text_text_color=\u00bb#FFFFFF\u00bb text_font_size=\u00bb20px\u00bb header_font=\u00bbPoppins|800|||||||\u00bb header_text_color=\u00bb#FFFFFF\u00bb header_font_size=\u00bb40px\u00bb header_text_shadow_style=\u00bbpreset1&#8243; global_colors_info=\u00bb{}\u00bb]<\/p>\n<h1>V\u00c1LVULA ROSCADA MODELO 1500<\/h1>\n<p>Una v\u00e1lvula de seguridad roscada es un componente esencial en cualquier sistema que requiera protecci\u00f3n contra sobrepresi\u00f3n.<\/p>\n<p>[\/et_pb_text][\/et_pb_column][\/et_pb_row][\/et_pb_section][et_pb_section fb_built=\u00bb1&#8243; prev_background_color=\u00bbrgba(150,100,57,0.77)\u00bb _builder_version=\u00bb4.24.3&#8243; _module_preset=\u00bbdefault\u00bb background_color=\u00bb#FAFAFA\u00bb background_image=\u00bbhttps:\/\/valvulascuevas.com.mx\/wp-content\/uploads\/2024\/02\/back1-scaled.jpg\u00bb background_size=\u00bbstretch\u00bb custom_padding=\u00bb40px|||||\u00bb top_divider_style=\u00bbmountains2&#8243; top_divider_repeat=\u00bb1x\u00bb background_last_edited=\u00bboff|desktop\u00bb da_disable_devices=\u00bboff|off|off\u00bb global_colors_info=\u00bb{}\u00bb da_is_popup=\u00bboff\u00bb da_exit_intent=\u00bboff\u00bb da_has_close=\u00bbon\u00bb da_alt_close=\u00bboff\u00bb da_dark_close=\u00bboff\u00bb da_not_modal=\u00bbon\u00bb da_is_singular=\u00bboff\u00bb da_with_loader=\u00bboff\u00bb da_has_shadow=\u00bbon\u00bb][et_pb_row _builder_version=\u00bb4.24.3&#8243; _module_preset=\u00bbdefault\u00bb global_colors_info=\u00bb{}\u00bb][et_pb_column type=\u00bb4_4&#8243; _builder_version=\u00bb4.24.3&#8243; _module_preset=\u00bbdefault\u00bb global_colors_info=\u00bb{}\u00bb][et_pb_heading title=\u00bbCARACTERISTICAS DEL MODELO 1500&#8243; _builder_version=\u00bb4.24.3&#8243; _module_preset=\u00bbdefault\u00bb title_font=\u00bbPoppins|700|||||||\u00bb title_text_color=\u00bb#0D2A7A\u00bb global_colors_info=\u00bb{}\u00bb][\/et_pb_heading][\/et_pb_column][\/et_pb_row][et_pb_row column_structure=\u00bb1_2,1_2&#8243; _builder_version=\u00bb4.24.3&#8243; _module_preset=\u00bbdefault\u00bb custom_padding=\u00bb||15px|||\u00bb global_colors_info=\u00bb{}\u00bb][et_pb_column type=\u00bb1_2&#8243; _builder_version=\u00bb4.24.3&#8243; _module_preset=\u00bbdefault\u00bb global_colors_info=\u00bb{}\u00bb][et_pb_text _builder_version=\u00bb4.24.3&#8243; _module_preset=\u00bbdefault\u00bb text_font=\u00bbPoppins||||||||\u00bb text_text_color=\u00bb#0D2A7A\u00bb text_orientation=\u00bbjustified\u00bb global_colors_info=\u00bb{}\u00bb]<\/p>\n<p><strong>\u00bfQu\u00e9 es una V\u00e1lvula de Seguridad Roscada?<\/strong><\/p>\n<p><strong>Una v\u00e1lvula de seguridad roscada es un dispositivo de protecci\u00f3n dise\u00f1ado para liberar autom\u00e1ticamente el exceso de presi\u00f3n en un sistema cuando esta supera un l\u00edmite preestablecido.<\/strong> La caracter\u00edstica distintiva de este tipo de v\u00e1lvula es que se conecta a las tuber\u00edas o equipos mediante una rosca, lo que facilita su instalaci\u00f3n y reemplazo.<\/p>\n<p>[\/et_pb_text][\/et_pb_column][et_pb_column type=\u00bb1_2&#8243; _builder_version=\u00bb4.24.3&#8243; _module_preset=\u00bbdefault\u00bb global_colors_info=\u00bb{}\u00bb][et_pb_gallery gallery_ids=\u00bb237089,237090,237091,237092,237093,237094,237095,237096,237097&#8243; posts_number=\u00bb2&#8243; show_title_and_caption=\u00bboff\u00bb _builder_version=\u00bb4.24.3&#8243; _module_preset=\u00bbdefault\u00bb pagination_text_color=\u00bb#0D2A7A\u00bb border_radii=\u00bbon|10px|10px|10px|10px\u00bb box_shadow_style_image=\u00bbpreset3&#8243; global_colors_info=\u00bb{}\u00bb][\/et_pb_gallery][\/et_pb_column][\/et_pb_row][et_pb_row column_structure=\u00bb1_3,1_3,1_3&#8243; _builder_version=\u00bb4.24.3&#8243; _module_preset=\u00bbdefault\u00bb global_colors_info=\u00bb{}\u00bb][et_pb_column type=\u00bb1_3&#8243; _builder_version=\u00bb4.24.3&#8243; _module_preset=\u00bbdefault\u00bb global_colors_info=\u00bb{}\u00bb][et_pb_text _builder_version=\u00bb4.24.3&#8243; _module_preset=\u00bbdefault\u00bb text_font=\u00bbPoppins||||||||\u00bb text_text_color=\u00bb#0D2A7A\u00bb header_3_text_color=\u00bb#D8002E\u00bb text_orientation=\u00bbjustified\u00bb global_colors_info=\u00bb{}\u00bb]<\/p>\n<h3 data-sourcepos=\"5:1-5:19\">\u00bfC\u00f3mo funciona?<\/h3>\n<p data-sourcepos=\"6:1-6:361\">Al igual que otras v\u00e1lvulas de seguridad, la roscada opera bajo el principio de la presi\u00f3n. Cuando la presi\u00f3n interna del sistema aumenta por encima del valor de ajuste de la v\u00e1lvula, un mecanismo interno se activa, abriendo una abertura que permite la liberaci\u00f3n del exceso de presi\u00f3n. Una vez que la presi\u00f3n se normaliza, la v\u00e1lvula se cierra autom\u00e1ticamente.<\/p>\n<p>[\/et_pb_text][\/et_pb_column][et_pb_column type=\u00bb1_3&#8243; _builder_version=\u00bb4.24.3&#8243; _module_preset=\u00bbdefault\u00bb global_colors_info=\u00bb{}\u00bb][et_pb_text _builder_version=\u00bb4.24.3&#8243; _module_preset=\u00bbdefault\u00bb text_font=\u00bbPoppins||||||||\u00bb text_text_color=\u00bb#0D2A7A\u00bb header_3_text_color=\u00bb#D8002E\u00bb text_orientation=\u00bbjustified\u00bb global_colors_info=\u00bb{}\u00bb]<\/p>\n<h3 data-sourcepos=\"8:1-8:28\">Componentes principales:<\/h3>\n<ul data-sourcepos=\"10:1-14:0\">\n<li data-sourcepos=\"10:1-10:116\"><strong>Cuerpo:<\/strong> Generalmente fabricado en lat\u00f3n o acero inoxidable, proporciona la estructura principal de la v\u00e1lvula.<\/li>\n<li data-sourcepos=\"11:1-11:112\"><strong>Asiento y disco:<\/strong> Estos elementos forman la junta de cierre, evitando fugas cuando la v\u00e1lvula est\u00e1 cerrada.<\/li>\n<li data-sourcepos=\"12:1-12:100\"><strong>Resorte o diafragma:<\/strong> El elemento sensible a la presi\u00f3n que controla la apertura de la v\u00e1lvula.<\/li>\n<li data-sourcepos=\"13:1-14:0\"><strong>Conexi\u00f3n roscada:<\/strong> La parte de la v\u00e1lvula que se enrosca en la tuber\u00eda o equipo, asegurando una uni\u00f3n herm\u00e9tica.<\/li>\n<\/ul>\n<p>[\/et_pb_text][\/et_pb_column][et_pb_column type=\u00bb1_3&#8243; _builder_version=\u00bb4.24.3&#8243; _module_preset=\u00bbdefault\u00bb global_colors_info=\u00bb{}\u00bb][et_pb_text _builder_version=\u00bb4.24.3&#8243; _module_preset=\u00bbdefault\u00bb text_font=\u00bbPoppins||||||||\u00bb text_text_color=\u00bb#0D2A7A\u00bb header_3_text_color=\u00bb#D8002E\u00bb text_orientation=\u00bbjustified\u00bb global_colors_info=\u00bb{}\u00bb]<\/p>\n<h3 data-sourcepos=\"22:1-22:25\">Aplicaciones comunes:<\/h3>\n<ul data-sourcepos=\"24:1-28:0\">\n<li data-sourcepos=\"24:1-24:103\"><strong>Sistemas de aire comprimido:<\/strong> Protegen compresores, tuber\u00edas y equipos neum\u00e1ticos de sobrepresi\u00f3n.<\/li>\n<li data-sourcepos=\"25:1-25:120\"><strong>Calderas y recipientes a presi\u00f3n:<\/strong> Evitan explosiones en sistemas que manejan fluidos a alta temperatura y presi\u00f3n.<\/li>\n<li data-sourcepos=\"26:1-26:100\"><strong>Sistemas hidr\u00e1ulicos:<\/strong> Controlan la presi\u00f3n en circuitos hidr\u00e1ulicos para proteger componentes.<\/li>\n<li data-sourcepos=\"27:1-28:0\"><strong>Industria qu\u00edmica:<\/strong> Utilizadas en procesos que involucran gases o l\u00edquidos a alta presi\u00f3n.<\/li>\n<\/ul>\n<p>[\/et_pb_text][\/et_pb_column][\/et_pb_row][et_pb_row column_structure=\u00bb1_2,1_2&#8243; _builder_version=\u00bb4.24.3&#8243; _module_preset=\u00bbdefault\u00bb global_colors_info=\u00bb{}\u00bb][et_pb_column type=\u00bb1_2&#8243; _builder_version=\u00bb4.24.3&#8243; _module_preset=\u00bbdefault\u00bb global_colors_info=\u00bb{}\u00bb][et_pb_button button_text=\u00bbFICHA TECNICA\u00bb button_alignment=\u00bbcenter\u00bb _builder_version=\u00bb4.24.3&#8243; _module_preset=\u00bbdefault\u00bb custom_button=\u00bbon\u00bb button_text_color=\u00bb#D8002E\u00bb button_icon=\u00bb&#xf1c1;||fa||400&#8243; hover_enabled=\u00bb0&#8243; global_colors_info=\u00bb{}\u00bb button_url=\u00bbhttps:\/\/valvulascuevas.com.mx\/wp-content\/uploads\/2024\/10\/FICHA1500.pdf\u00bb url_new_window=\u00bbon\u00bb sticky_enabled=\u00bb0&#8243;][\/et_pb_button][\/et_pb_column][et_pb_column type=\u00bb1_2&#8243; _builder_version=\u00bb4.24.3&#8243; _module_preset=\u00bbdefault\u00bb global_colors_info=\u00bb{}\u00bb][et_pb_button button_text=\u00bbCOTIZAR\u00bb button_alignment=\u00bbcenter\u00bb _builder_version=\u00bb4.24.3&#8243; _module_preset=\u00bbdefault\u00bb global_colors_info=\u00bb{}\u00bb][\/et_pb_button][\/et_pb_column][\/et_pb_row][\/et_pb_section]<\/p>\n","protected":false},"excerpt":{"rendered":"<p>V\u00c1LVULA ROSCADA MODELO 1500 Una v\u00e1lvula de seguridad roscada es un componente esencial en cualquier sistema que requiera protecci\u00f3n contra sobrepresi\u00f3n.\u00bfQu\u00e9 es una V\u00e1lvula de Seguridad Roscada? Una v\u00e1lvula de seguridad roscada es un dispositivo de protecci\u00f3n dise\u00f1ado para liberar autom\u00e1ticamente el exceso de presi\u00f3n en un sistema cuando esta supera un l\u00edmite preestablecido. La [&hellip;]<\/p>\n","protected":false},"author":1,"featured_media":0,"parent":0,"menu_order":0,"comment_status":"closed","ping_status":"closed","template":"","meta":{"_et_pb_use_builder":"on","_et_pb_old_content":"","_et_gb_content_width":"","footnotes":""},"class_list":["post-237086","page","type-page","status-publish","hentry"],"_links":{"self":[{"href":"https:\/\/valvulascuevas.com.mx\/index.php\/wp-json\/wp\/v2\/pages\/237086","targetHints":{"allow":["GET"]}}],"collection":[{"href":"https:\/\/valvulascuevas.com.mx\/index.php\/wp-json\/wp\/v2\/pages"}],"about":[{"href":"https:\/\/valvulascuevas.com.mx\/index.php\/wp-json\/wp\/v2\/types\/page"}],"author":[{"embeddable":true,"href":"https:\/\/valvulascuevas.com.mx\/index.php\/wp-json\/wp\/v2\/users\/1"}],"replies":[{"embeddable":true,"href":"https:\/\/valvulascuevas.com.mx\/index.php\/wp-json\/wp\/v2\/comments?post=237086"}],"version-history":[{"count":5,"href":"https:\/\/valvulascuevas.com.mx\/index.php\/wp-json\/wp\/v2\/pages\/237086\/revisions"}],"predecessor-version":[{"id":237153,"href":"https:\/\/valvulascuevas.com.mx\/index.php\/wp-json\/wp\/v2\/pages\/237086\/revisions\/237153"}],"wp:attachment":[{"href":"https:\/\/valvulascuevas.com.mx\/index.php\/wp-json\/wp\/v2\/media?parent=237086"}],"curies":[{"name":"wp","href":"https:\/\/api.w.org\/{rel}","templated":true}]}}