{"id":237057,"date":"2024-10-07T23:21:12","date_gmt":"2024-10-07T21:21:12","guid":{"rendered":"https:\/\/valvulascuevas.com.mx\/?page_id=237057"},"modified":"2024-10-17T21:13:45","modified_gmt":"2024-10-17T19:13:45","slug":"valvulas-1400","status":"publish","type":"page","link":"https:\/\/valvulascuevas.com.mx\/index.php\/valvulas-1400\/","title":{"rendered":"Valvulas 1400"},"content":{"rendered":"<p>[et_pb_section fb_built=\u00bb1&#8243; _builder_version=\u00bb4.24.3&#8243; _module_preset=\u00bbdefault\u00bb background_color=\u00bbrgba(150,100,57,0.77)\u00bb background_image=\u00bbhttps:\/\/valvulascuevas.com.mx\/wp-content\/uploads\/2024\/03\/bronce.jpg\u00bb background_blend=\u00bboverlay\u00bb custom_padding=\u00bb||60px|||\u00bb da_disable_devices=\u00bboff|off|off\u00bb global_colors_info=\u00bb{}\u00bb da_is_popup=\u00bboff\u00bb da_exit_intent=\u00bboff\u00bb da_has_close=\u00bbon\u00bb da_alt_close=\u00bboff\u00bb da_dark_close=\u00bboff\u00bb da_not_modal=\u00bbon\u00bb da_is_singular=\u00bboff\u00bb da_with_loader=\u00bboff\u00bb da_has_shadow=\u00bbon\u00bb][et_pb_row _builder_version=\u00bb4.24.2&#8243; _module_preset=\u00bbdefault\u00bb global_colors_info=\u00bb{}\u00bb][et_pb_column type=\u00bb4_4&#8243; _builder_version=\u00bb4.24.2&#8243; _module_preset=\u00bbdefault\u00bb global_colors_info=\u00bb{}\u00bb][et_pb_text _builder_version=\u00bb4.24.3&#8243; _module_preset=\u00bbdefault\u00bb text_font=\u00bbPoppins||||||||\u00bb text_text_color=\u00bb#FFFFFF\u00bb text_font_size=\u00bb20px\u00bb header_font=\u00bbPoppins|800|||||||\u00bb header_text_color=\u00bb#FFFFFF\u00bb header_font_size=\u00bb40px\u00bb header_text_shadow_style=\u00bbpreset1&#8243; global_colors_info=\u00bb{}\u00bb]<\/p>\n<h1>V\u00c1LVULA DE SEGURIDAD 1400<\/h1>\n<p>La calidad de una v\u00e1lvula de seguridad tipo argolla es fundamental para garantizar la protecci\u00f3n de personas, equipos e instalaciones.<\/p>\n<p>[\/et_pb_text][\/et_pb_column][\/et_pb_row][\/et_pb_section][et_pb_section fb_built=\u00bb1&#8243; prev_background_color=\u00bbrgba(150,100,57,0.77)\u00bb _builder_version=\u00bb4.24.3&#8243; _module_preset=\u00bbdefault\u00bb background_color=\u00bb#FAFAFA\u00bb background_image=\u00bbhttps:\/\/valvulascuevas.com.mx\/wp-content\/uploads\/2024\/02\/back1-scaled.jpg\u00bb background_size=\u00bbstretch\u00bb custom_padding=\u00bb40px|||||\u00bb top_divider_style=\u00bbmountains2&#8243; top_divider_repeat=\u00bb1x\u00bb background_last_edited=\u00bboff|desktop\u00bb da_disable_devices=\u00bboff|off|off\u00bb global_colors_info=\u00bb{}\u00bb da_is_popup=\u00bboff\u00bb da_exit_intent=\u00bboff\u00bb da_has_close=\u00bbon\u00bb da_alt_close=\u00bboff\u00bb da_dark_close=\u00bboff\u00bb da_not_modal=\u00bbon\u00bb da_is_singular=\u00bboff\u00bb da_with_loader=\u00bboff\u00bb da_has_shadow=\u00bbon\u00bb][et_pb_row _builder_version=\u00bb4.24.3&#8243; _module_preset=\u00bbdefault\u00bb global_colors_info=\u00bb{}\u00bb][et_pb_column type=\u00bb4_4&#8243; _builder_version=\u00bb4.24.3&#8243; _module_preset=\u00bbdefault\u00bb global_colors_info=\u00bb{}\u00bb][et_pb_heading title=\u00bbCARACTERISTICAS DEL MODELO 1400&#8243; _builder_version=\u00bb4.24.3&#8243; _module_preset=\u00bbdefault\u00bb title_font=\u00bbPoppins|700|||||||\u00bb title_text_color=\u00bb#0D2A7A\u00bb global_colors_info=\u00bb{}\u00bb][\/et_pb_heading][\/et_pb_column][\/et_pb_row][et_pb_row column_structure=\u00bb1_2,1_2&#8243; _builder_version=\u00bb4.24.3&#8243; _module_preset=\u00bbdefault\u00bb custom_padding=\u00bb||15px|||\u00bb global_colors_info=\u00bb{}\u00bb][et_pb_column type=\u00bb1_2&#8243; _builder_version=\u00bb4.24.3&#8243; _module_preset=\u00bbdefault\u00bb global_colors_info=\u00bb{}\u00bb][et_pb_text _builder_version=\u00bb4.24.3&#8243; _module_preset=\u00bbdefault\u00bb text_font=\u00bbPoppins||||||||\u00bb text_text_color=\u00bb#0D2A7A\u00bb text_orientation=\u00bbjustified\u00bb global_colors_info=\u00bb{}\u00bb]<\/p>\n<p><strong>\u00bfQu\u00e9 es una V\u00e1lvula de Seguridad Tipo Argolla?<\/strong><\/p>\n<p>Una v\u00e1lvula de seguridad tipo argolla, tambi\u00e9n conocida como v\u00e1lvula de alivio o v\u00e1lvula de descarga, es un dispositivo de protecci\u00f3n dise\u00f1ado para liberar autom\u00e1ticamente el exceso de presi\u00f3n en un sistema cuando esta supera un l\u00edmite preestablecido. La caracter\u00edstica distintiva de este tipo de v\u00e1lvula es la presencia de una argolla o palanca que se activa cuando la presi\u00f3n interna alcanza un nivel cr\u00edtico.<\/p>\n<p>[\/et_pb_text][\/et_pb_column][et_pb_column type=\u00bb1_2&#8243; _builder_version=\u00bb4.24.3&#8243; _module_preset=\u00bbdefault\u00bb global_colors_info=\u00bb{}\u00bb][et_pb_gallery gallery_ids=\u00bb237063,237064,237065,237066,237067,237068,237069&#8243; posts_number=\u00bb2&#8243; show_title_and_caption=\u00bboff\u00bb _builder_version=\u00bb4.24.3&#8243; _module_preset=\u00bbdefault\u00bb pagination_text_color=\u00bb#0D2A7A\u00bb border_radii=\u00bbon|10px|10px|10px|10px\u00bb box_shadow_style_image=\u00bbpreset3&#8243; global_colors_info=\u00bb{}\u00bb][\/et_pb_gallery][\/et_pb_column][\/et_pb_row][et_pb_row column_structure=\u00bb1_3,1_3,1_3&#8243; _builder_version=\u00bb4.24.3&#8243; _module_preset=\u00bbdefault\u00bb global_colors_info=\u00bb{}\u00bb][et_pb_column type=\u00bb1_3&#8243; _builder_version=\u00bb4.24.3&#8243; _module_preset=\u00bbdefault\u00bb global_colors_info=\u00bb{}\u00bb][et_pb_text _builder_version=\u00bb4.24.3&#8243; _module_preset=\u00bbdefault\u00bb text_font=\u00bbPoppins||||||||\u00bb text_text_color=\u00bb#0D2A7A\u00bb header_3_text_color=\u00bb#D8002E\u00bb text_orientation=\u00bbjustified\u00bb global_colors_info=\u00bb{}\u00bb]<\/p>\n<h3 data-sourcepos=\"7:1-7:19\">\u00bfC\u00f3mo funciona?<\/h3>\n<ol data-sourcepos=\"9:1-13:0\">\n<li data-sourcepos=\"9:1-9:133\"><strong>Presi\u00f3n interna:<\/strong> A medida que la presi\u00f3n dentro del sistema aumenta, act\u00faa sobre un diafragma o resorte interno de la v\u00e1lvula.<\/li>\n<li data-sourcepos=\"10:1-10:184\"><strong>Activaci\u00f3n de la argolla:<\/strong> Cuando la presi\u00f3n supera el l\u00edmite establecido, la fuerza ejercida sobre el diafragma o resorte es suficiente para vencer la resistencia de la argolla.<\/li>\n<li data-sourcepos=\"11:1-11:148\"><strong>Liberaci\u00f3n de presi\u00f3n:<\/strong> La argolla se desplaza, abriendo una abertura a trav\u00e9s de la cual se libera el exceso de presi\u00f3n de manera controlada.<\/li>\n<li data-sourcepos=\"12:1-13:0\"><strong>Retorno a la posici\u00f3n original:<\/strong> Una vez que la presi\u00f3n se reduce por debajo del l\u00edmite, la argolla vuelve a su posici\u00f3n original, cerrando la abertura y evitando fugas innecesarias.<\/li>\n<\/ol>\n<p>[\/et_pb_text][\/et_pb_column][et_pb_column type=\u00bb1_3&#8243; _builder_version=\u00bb4.24.3&#8243; _module_preset=\u00bbdefault\u00bb global_colors_info=\u00bb{}\u00bb][et_pb_text _builder_version=\u00bb4.24.3&#8243; _module_preset=\u00bbdefault\u00bb text_font=\u00bbPoppins||||||||\u00bb text_text_color=\u00bb#0D2A7A\u00bb header_3_text_color=\u00bb#D8002E\u00bb text_orientation=\u00bbjustified\u00bb global_colors_info=\u00bb{}\u00bb]<\/p>\n<h3 data-sourcepos=\"14:1-14:28\">Componentes principales:<\/h3>\n<ul data-sourcepos=\"16:1-20:0\">\n<li data-sourcepos=\"16:1-16:122\"><strong>Cuerpo:<\/strong> Generalmente fabricado en lat\u00f3n o acero inoxidable para garantizar durabilidad y resistencia a la corrosi\u00f3n.<\/li>\n<li data-sourcepos=\"17:1-17:97\"><strong>Diafragma o resorte:<\/strong> Elemento sensible a la presi\u00f3n que controla la apertura de la v\u00e1lvula.<\/li>\n<li data-sourcepos=\"18:1-18:77\"><strong>Argolla:<\/strong> Elemento mec\u00e1nico que se activa al alcanzar la presi\u00f3n m\u00e1xima.<\/li>\n<li data-sourcepos=\"19:1-20:0\"><strong>Conexi\u00f3n:<\/strong> Puede ser roscada (NPT, BSP) o bridada, seg\u00fan la aplicaci\u00f3n.<\/li>\n<\/ul>\n<h3 data-sourcepos=\"21:1-21:25\"><\/h3>\n<p>[\/et_pb_text][\/et_pb_column][et_pb_column type=\u00bb1_3&#8243; _builder_version=\u00bb4.24.3&#8243; _module_preset=\u00bbdefault\u00bb global_colors_info=\u00bb{}\u00bb][et_pb_text _builder_version=\u00bb4.24.3&#8243; _module_preset=\u00bbdefault\u00bb text_font=\u00bbPoppins||||||||\u00bb text_text_color=\u00bb#0D2A7A\u00bb header_3_text_color=\u00bb#D8002E\u00bb text_orientation=\u00bbjustified\u00bb global_colors_info=\u00bb{}\u00bb]<\/p>\n<h3 data-sourcepos=\"21:1-21:25\">Aplicaciones comunes:<\/h3>\n<ul data-sourcepos=\"23:1-27:0\">\n<li data-sourcepos=\"23:1-23:103\"><strong>Sistemas de aire comprimido:<\/strong> Protegen compresores, tuber\u00edas y equipos neum\u00e1ticos de sobrepresi\u00f3n.<\/li>\n<li data-sourcepos=\"24:1-24:120\"><strong>Calderas y recipientes a presi\u00f3n:<\/strong> Evitan explosiones en sistemas que manejan fluidos a alta temperatura y presi\u00f3n.<\/li>\n<li data-sourcepos=\"25:1-25:100\"><strong>Sistemas hidr\u00e1ulicos:<\/strong> Controlan la presi\u00f3n en circuitos hidr\u00e1ulicos para proteger componentes.<\/li>\n<li data-sourcepos=\"26:1-27:0\"><strong>Industria qu\u00edmica:<\/strong> Utilizadas en procesos que involucran gases o l\u00edquidos a alta presi\u00f3n.<\/li>\n<\/ul>\n<p>[\/et_pb_text][\/et_pb_column][\/et_pb_row][et_pb_row column_structure=\u00bb1_2,1_2&#8243; _builder_version=\u00bb4.24.3&#8243; _module_preset=\u00bbdefault\u00bb global_colors_info=\u00bb{}\u00bb][et_pb_column type=\u00bb1_2&#8243; _builder_version=\u00bb4.24.3&#8243; _module_preset=\u00bbdefault\u00bb global_colors_info=\u00bb{}\u00bb][et_pb_button button_url=\u00bbhttps:\/\/valvulascuevas.com.mx\/wp-content\/uploads\/2024\/10\/ficha-1400.pdf\u00bb url_new_window=\u00bbon\u00bb button_text=\u00bbFICHA TECNICA\u00bb button_alignment=\u00bbcenter\u00bb _builder_version=\u00bb4.24.3&#8243; _module_preset=\u00bbdefault\u00bb custom_button=\u00bbon\u00bb button_text_color=\u00bb#D8002E\u00bb button_icon=\u00bb&#xf1c1;||fa||400&#8243; hover_enabled=\u00bb0&#8243; global_colors_info=\u00bb{}\u00bb sticky_enabled=\u00bb0&#8243;][\/et_pb_button][\/et_pb_column][et_pb_column type=\u00bb1_2&#8243; _builder_version=\u00bb4.24.3&#8243; _module_preset=\u00bbdefault\u00bb global_colors_info=\u00bb{}\u00bb][et_pb_button button_text=\u00bbCOTIZAR\u00bb button_alignment=\u00bbcenter\u00bb _builder_version=\u00bb4.24.3&#8243; _module_preset=\u00bbdefault\u00bb global_colors_info=\u00bb{}\u00bb][\/et_pb_button][\/et_pb_column][\/et_pb_row][\/et_pb_section]<\/p>\n","protected":false},"excerpt":{"rendered":"<p>V\u00c1LVULA DE SEGURIDAD 1400 La calidad de una v\u00e1lvula de seguridad tipo argolla es fundamental para garantizar la protecci\u00f3n de personas, equipos e instalaciones.\u00bfQu\u00e9 es una V\u00e1lvula de Seguridad Tipo Argolla? Una v\u00e1lvula de seguridad tipo argolla, tambi\u00e9n conocida como v\u00e1lvula de alivio o v\u00e1lvula de descarga, es un dispositivo de protecci\u00f3n dise\u00f1ado para liberar [&hellip;]<\/p>\n","protected":false},"author":1,"featured_media":0,"parent":0,"menu_order":0,"comment_status":"closed","ping_status":"closed","template":"","meta":{"_et_pb_use_builder":"on","_et_pb_old_content":"","_et_gb_content_width":"","footnotes":""},"class_list":["post-237057","page","type-page","status-publish","hentry"],"_links":{"self":[{"href":"https:\/\/valvulascuevas.com.mx\/index.php\/wp-json\/wp\/v2\/pages\/237057","targetHints":{"allow":["GET"]}}],"collection":[{"href":"https:\/\/valvulascuevas.com.mx\/index.php\/wp-json\/wp\/v2\/pages"}],"about":[{"href":"https:\/\/valvulascuevas.com.mx\/index.php\/wp-json\/wp\/v2\/types\/page"}],"author":[{"embeddable":true,"href":"https:\/\/valvulascuevas.com.mx\/index.php\/wp-json\/wp\/v2\/users\/1"}],"replies":[{"embeddable":true,"href":"https:\/\/valvulascuevas.com.mx\/index.php\/wp-json\/wp\/v2\/comments?post=237057"}],"version-history":[{"count":14,"href":"https:\/\/valvulascuevas.com.mx\/index.php\/wp-json\/wp\/v2\/pages\/237057\/revisions"}],"predecessor-version":[{"id":237151,"href":"https:\/\/valvulascuevas.com.mx\/index.php\/wp-json\/wp\/v2\/pages\/237057\/revisions\/237151"}],"wp:attachment":[{"href":"https:\/\/valvulascuevas.com.mx\/index.php\/wp-json\/wp\/v2\/media?parent=237057"}],"curies":[{"name":"wp","href":"https:\/\/api.w.org\/{rel}","templated":true}]}}