{"id":134,"date":"2024-02-29T08:23:55","date_gmt":"2024-02-29T07:23:55","guid":{"rendered":"https:\/\/valvulascuevas.com.mx\/?page_id=134"},"modified":"2024-09-19T06:13:51","modified_gmt":"2024-09-19T04:13:51","slug":"servicios","status":"publish","type":"page","link":"https:\/\/valvulascuevas.com.mx\/index.php\/servicios\/","title":{"rendered":"Servicios"},"content":{"rendered":"<p>[et_pb_section fb_built=\u00bb1&#8243; _builder_version=\u00bb4.24.2&#8243; _module_preset=\u00bbdefault\u00bb background_color=\u00bb#b7b7b7&#8243; background_image=\u00bbhttps:\/\/valvulascuevas.com.mx\/wp-content\/uploads\/2024\/03\/taladro.jpg\u00bb background_blend=\u00bboverlay\u00bb da_disable_devices=\u00bboff|off|off\u00bb global_colors_info=\u00bb{}\u00bb da_is_popup=\u00bboff\u00bb da_exit_intent=\u00bboff\u00bb da_has_close=\u00bbon\u00bb da_alt_close=\u00bboff\u00bb da_dark_close=\u00bboff\u00bb da_not_modal=\u00bbon\u00bb da_is_singular=\u00bboff\u00bb da_with_loader=\u00bboff\u00bb da_has_shadow=\u00bbon\u00bb][et_pb_row _builder_version=\u00bb4.24.2&#8243; _module_preset=\u00bbdefault\u00bb global_colors_info=\u00bb{}\u00bb][et_pb_column type=\u00bb4_4&#8243; _builder_version=\u00bb4.24.2&#8243; _module_preset=\u00bbdefault\u00bb global_colors_info=\u00bb{}\u00bb][et_pb_text _builder_version=\u00bb4.24.2&#8243; _module_preset=\u00bbdefault\u00bb text_font=\u00bbPoppins||||||||\u00bb text_text_color=\u00bb#212E41&#8243; text_font_size=\u00bb23px\u00bb header_font=\u00bbPoppins|800|||||||\u00bb header_text_color=\u00bb#212E41&#8243; header_font_size=\u00bb40px\u00bb header_text_shadow_style=\u00bbpreset1&#8243; global_colors_info=\u00bb{}\u00bb]<\/p>\n<h1>NUESTROS SERVICIOS<\/h1>\n<p>Estamos comprometidos con nuestros clientes.<\/p>\n<p>[\/et_pb_text][\/et_pb_column][\/et_pb_row][\/et_pb_section][et_pb_section fb_built=\u00bb1&#8243; prev_background_color=\u00bb#b7b7b7&#8243; _builder_version=\u00bb4.24.2&#8243; _module_preset=\u00bbdefault\u00bb background_color=\u00bbrgba(250,250,250,0.7)\u00bb background_image=\u00bbhttps:\/\/valvulascuevas.com.mx\/wp-content\/uploads\/2024\/03\/3274387-scaled.jpg\u00bb background_blend=\u00bboverlay\u00bb top_divider_style=\u00bbmountains2&#8243; da_disable_devices=\u00bboff|off|off\u00bb global_colors_info=\u00bb{}\u00bb da_is_popup=\u00bboff\u00bb da_exit_intent=\u00bboff\u00bb da_has_close=\u00bbon\u00bb da_alt_close=\u00bboff\u00bb da_dark_close=\u00bboff\u00bb da_not_modal=\u00bbon\u00bb da_is_singular=\u00bboff\u00bb da_with_loader=\u00bboff\u00bb da_has_shadow=\u00bbon\u00bb][et_pb_row _builder_version=\u00bb4.24.3&#8243; _module_preset=\u00bbdefault\u00bb global_colors_info=\u00bb{}\u00bb][et_pb_column type=\u00bb4_4&#8243; _builder_version=\u00bb4.24.2&#8243; _module_preset=\u00bbdefault\u00bb global_colors_info=\u00bb{}\u00bb][et_pb_tabs active_tab_text_color=\u00bb#D8002E\u00bb _builder_version=\u00bb4.24.3&#8243; _module_preset=\u00bbdefault\u00bb body_font=\u00bbPoppins||||||||\u00bb body_text_color=\u00bb#212E41&#8243; custom_padding=\u00bb||24px|||\u00bb hover_enabled=\u00bb0&#8243; global_colors_info=\u00bb{}\u00bb sticky_enabled=\u00bb0&#8243;][et_pb_tab title=\u00bbFABRICACION Y VENTA\u00bb _builder_version=\u00bb4.24.3&#8243; _module_preset=\u00bbdefault\u00bb global_colors_info=\u00bb{}\u00bb]<\/p>\n<p>Ofrecemos asesoramiento t\u00e9cnico para la selecci\u00f3n de la v\u00e1lvula adecuada a sus necesidades, con una amplia gama de v\u00e1lvulas de seguridad para diferentes aplicaciones, incluyendo:<\/p>\n<p><span class=\"s1\"><\/span><span class=\"s1\"><\/span><\/p>\n<p><span class=\"s1\"><\/span><\/p>\n<ul>\n<li style=\"list-style-type: none;\">\n<ul>\n<li style=\"list-style-type: none;\">\n<ul class=\"ul2\">\n<li class=\"li1\"><span class=\"s1\">V\u00e1lvulas de alivio de presi\u00f3n.<\/span><\/li>\n<li class=\"li1\"><span class=\"s1\">V\u00e1lvulas de seguridad para vapor.<\/span><\/li>\n<li class=\"li1\"><span class=\"s1\"><\/span><span class=\"s1\">V\u00e1lvulas de seguridad para gas.<\/span><span class=\"s1\"><\/span><\/li>\n<li class=\"li1\">V\u00e1lvulas de seguridad para l\u00edquidos.<span class=\"s1\"><\/span><\/li>\n<\/ul>\n<p><span class=\"s1\"><\/span><\/p>\n<\/li>\n<\/ul>\n<\/li>\n<\/ul>\n<p>[\/et_pb_tab][et_pb_tab title=\u00bbMANTENIMIENTO\u00bb _builder_version=\u00bb4.24.3&#8243; _module_preset=\u00bbdefault\u00bb hover_enabled=\u00bb0&#8243; global_colors_info=\u00bb{}\u00bb sticky_enabled=\u00bb0&#8243;]<\/p>\n<p>Tenemos p<span class=\"s1\">rogramas de mantenimiento preventivo y correctivo para garantizar el correcto funcionamiento de sus v\u00e1lvulas de seguridad, asi como la r<\/span><span class=\"s1\">eparaci\u00f3n con repuestos de alta calidad.\u00a0<\/p>\n<p><\/span><\/p>\n<p class=\"p1\"><b>\u00bfPor qu\u00e9 es importante el mantenimiento?<\/b><\/p>\n<p class=\"p1\">El mantenimiento de una v\u00e1lvula de seguridad es crucial por varias razones:<\/p>\n<ul class=\"ul1\">\n<li class=\"li1\"><span class=\"s1\"><\/span><b>Garantizar su correcto funcionamiento:<\/b> Un mantenimiento adecuado asegura que la v\u00e1lvula se active a la presi\u00f3n correcta y libere el exceso de fluido de manera eficiente.<\/li>\n<li class=\"li1\"><span class=\"s1\"><\/span><b>Prevenir accidentes:<\/b> Una v\u00e1lvula en mal estado puede fallar en el momento cr\u00edtico, lo que podr\u00eda provocar accidentes graves.<\/li>\n<li class=\"li1\"><span class=\"s1\"><\/span><b>Aumentar la vida \u00fatil de la v\u00e1lvula:<\/b> Un mantenimiento preventivo ayuda a prolongar la vida \u00fatil de la v\u00e1lvula y reduce la necesidad de reemplazos prematuros.<\/li>\n<\/ul>\n<p><span class=\"s1\">\u00a0<\/span><\/p>\n<p>[\/et_pb_tab][et_pb_tab title=\u00bbRECALIBRACION\u00bb _builder_version=\u00bb4.24.3&#8243; _module_preset=\u00bbdefault\u00bb hover_enabled=\u00bb0&#8243; global_colors_info=\u00bb{}\u00bb sticky_enabled=\u00bb0&#8243;]<\/p>\n<p data-sourcepos=\"3:1-3:55\"><strong>\u00bfQu\u00e9 es la recalibraci\u00f3n de una v\u00e1lvula de seguridad?<\/strong><\/p>\n<p data-sourcepos=\"5:1-5:158\"><span>La recalibraci\u00f3n de una v\u00e1lvula de seguridad es un proceso que consiste en ajustar la presi\u00f3n a la cual la v\u00e1lvula se abrir\u00e1 para liberar el exceso de presi\u00f3n en un sistema.<\/span><span> Es decir,<\/span><span> se establece nuevamente el punto exacto en el que la v\u00e1lvula entrar\u00e1 en acci\u00f3n para proteger el equipo y las personas.<\/span><\/p>\n<p data-sourcepos=\"7:1-7:2\"><strong>\u00bfPor qu\u00e9 es necesaria la recalibraci\u00f3n?<\/strong><\/p>\n<ul data-sourcepos=\"9:1-9:88\">\n<li data-sourcepos=\"9:1-9:88\"><strong>Desgaste natural:<\/strong><span> Con el tiempo,<\/span><span> los componentes internos de la v\u00e1lvula se desgastan,<\/span><span> lo que puede alterar la presi\u00f3n de apertura.<\/span><\/li>\n<li data-sourcepos=\"10:1-10:173\"><strong>Cambios en el sistema:<\/strong><span> Si se realizan modificaciones en el sistema donde est\u00e1 instalada la v\u00e1lvula,<\/span><span> la presi\u00f3n de operaci\u00f3n puede cambiar,<\/span><span> requiriendo un nuevo ajuste.<\/span><\/li>\n<li data-sourcepos=\"11:1-12:0\"><strong>Requisitos normativos:<\/strong><span> Muchas industrias tienen regulaciones espec\u00edficas que exigen la recalibraci\u00f3n peri\u00f3dica de las v\u00e1lvulas de seguridad.<\/span><\/li>\n<\/ul>\n<p>[\/et_pb_tab][et_pb_tab title=\u00bbSERVICIOS ESPECIALES\u00bb _builder_version=\u00bb4.24.3&#8243; _module_preset=\u00bbdefault\u00bb global_colors_info=\u00bb{}\u00bb]<\/p>\n<ul class=\"ul2\">\n<li class=\"li1\"><span class=\"s1\">FABRICACI\u00d3N ESPECIAL<\/span><\/li>\n<li class=\"li1\"><span class=\"s1\">ASESOR\u00cdA T\u00c9CNICA<\/span><\/li>\n<\/ul>\n<p>[\/et_pb_tab][\/et_pb_tabs][\/et_pb_column][\/et_pb_row][et_pb_row _builder_version=\u00bb4.24.2&#8243; _module_preset=\u00bbdefault\u00bb global_colors_info=\u00bb{}\u00bb][et_pb_column type=\u00bb4_4&#8243; _builder_version=\u00bb4.24.2&#8243; _module_preset=\u00bbdefault\u00bb global_colors_info=\u00bb{}\u00bb][et_pb_text _builder_version=\u00bb4.24.3&#8243; _module_preset=\u00bbdefault\u00bb text_font=\u00bbPoppins||||||||\u00bb text_text_color=\u00bb#333333&#8243; global_colors_info=\u00bb{}\u00bb]<\/p>\n<p class=\"p1\" style=\"text-align: justify;\">Somos una empresa especializada en <b>v\u00e1lvulas de seguridad<\/b>, comprometidos con brindar soluciones integrales para la protecci\u00f3n de sus equipos y procesos industriales. Contamos con un equipo de profesionales altamente capacitados y con amplia experiencia en el sector, para ofrecerle un servicio de calidad y atenci\u00f3n personalizada. prestigio en el mercado nacional.<\/p>\n<p style=\"text-align: justify;\">Es pol\u00edtica de V\u00c1LVULAS HERMANOS CUEVAS VC, S.A. DE C.V., brindar a sus clientes un optimo servicio en todo lo referente al trato de su clientela al cumplimiento formal de las entregas, asesor\u00eda t\u00e9cnica, reparaciones etc. Todo ello en un contexto de mejora continua basada en la Norma Internacional ISO 9001:2008 con el fin de ser lideres en el Mercado de los productos que fabricamos.<br \/>Es parte de nuestro deseo generar y mantener una imagen de absoluta seriedad y profesionalismo para obtener la mayor confianza por parte de nuestra clientela.<\/p>\n<p>[\/et_pb_text][\/et_pb_column][\/et_pb_row][\/et_pb_section]<\/p>\n","protected":false},"excerpt":{"rendered":"<p>NUESTROS SERVICIOS Estamos comprometidos con nuestros clientes.Ofrecemos asesoramiento t\u00e9cnico para la selecci\u00f3n de la v\u00e1lvula adecuada a sus necesidades, con una amplia gama de v\u00e1lvulas de seguridad para diferentes aplicaciones, incluyendo: V\u00e1lvulas de alivio de presi\u00f3n. V\u00e1lvulas de seguridad para vapor. V\u00e1lvulas de seguridad para gas. V\u00e1lvulas de seguridad para l\u00edquidos. Tenemos programas de mantenimiento [&hellip;]<\/p>\n","protected":false},"author":1,"featured_media":0,"parent":0,"menu_order":0,"comment_status":"closed","ping_status":"closed","template":"","meta":{"_et_pb_use_builder":"on","_et_pb_old_content":"<!-- wp:divi\/placeholder \/-->","_et_gb_content_width":"","footnotes":""},"class_list":["post-134","page","type-page","status-publish","hentry"],"_links":{"self":[{"href":"https:\/\/valvulascuevas.com.mx\/index.php\/wp-json\/wp\/v2\/pages\/134","targetHints":{"allow":["GET"]}}],"collection":[{"href":"https:\/\/valvulascuevas.com.mx\/index.php\/wp-json\/wp\/v2\/pages"}],"about":[{"href":"https:\/\/valvulascuevas.com.mx\/index.php\/wp-json\/wp\/v2\/types\/page"}],"author":[{"embeddable":true,"href":"https:\/\/valvulascuevas.com.mx\/index.php\/wp-json\/wp\/v2\/users\/1"}],"replies":[{"embeddable":true,"href":"https:\/\/valvulascuevas.com.mx\/index.php\/wp-json\/wp\/v2\/comments?post=134"}],"version-history":[{"count":21,"href":"https:\/\/valvulascuevas.com.mx\/index.php\/wp-json\/wp\/v2\/pages\/134\/revisions"}],"predecessor-version":[{"id":237020,"href":"https:\/\/valvulascuevas.com.mx\/index.php\/wp-json\/wp\/v2\/pages\/134\/revisions\/237020"}],"wp:attachment":[{"href":"https:\/\/valvulascuevas.com.mx\/index.php\/wp-json\/wp\/v2\/media?parent=134"}],"curies":[{"name":"wp","href":"https:\/\/api.w.org\/{rel}","templated":true}]}}