{"id":128,"date":"2024-02-29T08:04:31","date_gmt":"2024-02-29T07:04:31","guid":{"rendered":"https:\/\/valvulascuevas.com.mx\/?page_id=128"},"modified":"2024-05-16T07:57:13","modified_gmt":"2024-05-16T05:57:13","slug":"quienes-somos","status":"publish","type":"page","link":"https:\/\/valvulascuevas.com.mx\/index.php\/quienes-somos\/","title":{"rendered":"Quienes Somos"},"content":{"rendered":"<p>[et_pb_section fb_built=\u00bb1&#8243; _builder_version=\u00bb4.24.2&#8243; _module_preset=\u00bbdefault\u00bb background_color=\u00bb#2f417a\u00bb background_image=\u00bbhttps:\/\/valvulascuevas.com.mx\/wp-content\/uploads\/2024\/03\/ch.jpeg\u00bb background_blend=\u00bboverlay\u00bb da_disable_devices=\u00bboff|off|off\u00bb global_colors_info=\u00bb{}\u00bb da_is_popup=\u00bboff\u00bb da_exit_intent=\u00bboff\u00bb da_has_close=\u00bbon\u00bb da_alt_close=\u00bboff\u00bb da_dark_close=\u00bboff\u00bb da_not_modal=\u00bbon\u00bb da_is_singular=\u00bboff\u00bb da_with_loader=\u00bboff\u00bb da_has_shadow=\u00bbon\u00bb][et_pb_row _builder_version=\u00bb4.24.2&#8243; _module_preset=\u00bbdefault\u00bb global_colors_info=\u00bb{}\u00bb][et_pb_column type=\u00bb4_4&#8243; _builder_version=\u00bb4.24.2&#8243; _module_preset=\u00bbdefault\u00bb global_colors_info=\u00bb{}\u00bb][et_pb_text _builder_version=\u00bb4.24.2&#8243; _module_preset=\u00bbdefault\u00bb text_font=\u00bbPoppins||||||||\u00bb text_text_color=\u00bb#FFFFFF\u00bb text_font_size=\u00bb20px\u00bb header_font=\u00bbPoppins|800|||||||\u00bb header_text_color=\u00bb#FFFFFF\u00bb header_font_size=\u00bb40px\u00bb header_text_shadow_style=\u00bbpreset1&#8243; global_colors_info=\u00bb{}\u00bb]<\/p>\n<h1>\u00bfQUIENES SOMOS?<\/h1>\n<p>VALVULAS HERMANOS CUEVAS VC S.A. DE C.V.<\/p>\n<p>[\/et_pb_text][\/et_pb_column][\/et_pb_row][\/et_pb_section][et_pb_section fb_built=\u00bb1&#8243; _builder_version=\u00bb4.24.2&#8243; _module_preset=\u00bbdefault\u00bb background_image=\u00bbhttps:\/\/valvulascuevas.com.mx\/wp-content\/uploads\/2024\/02\/back1-scaled.jpg\u00bb da_disable_devices=\u00bboff|off|off\u00bb box_shadow_style=\u00bbpreset6&#8243; box_shadow_color=\u00bb#0D2A7A\u00bb global_colors_info=\u00bb{}\u00bb da_is_popup=\u00bboff\u00bb da_exit_intent=\u00bboff\u00bb da_has_close=\u00bbon\u00bb da_alt_close=\u00bboff\u00bb da_dark_close=\u00bboff\u00bb da_not_modal=\u00bbon\u00bb da_is_singular=\u00bboff\u00bb da_with_loader=\u00bboff\u00bb da_has_shadow=\u00bbon\u00bb][et_pb_row column_structure=\u00bb1_2,1_2&#8243; _builder_version=\u00bb4.24.2&#8243; _module_preset=\u00bbdefault\u00bb global_colors_info=\u00bb{}\u00bb][et_pb_column type=\u00bb1_2&#8243; _builder_version=\u00bb4.24.2&#8243; _module_preset=\u00bbdefault\u00bb global_colors_info=\u00bb{}\u00bb][et_pb_image src=\u00bbhttps:\/\/valvulascuevas.com.mx\/wp-content\/uploads\/2024\/03\/cuadrobandera.jpg\u00bb title_text=\u00bbcuadrobandera\u00bb _builder_version=\u00bb4.24.2&#8243; _module_preset=\u00bbdefault\u00bb border_radii=\u00bbon|13px|13px|13px|13px\u00bb box_shadow_style=\u00bbpreset3&#8243; box_shadow_spread=\u00bb3px\u00bb global_colors_info=\u00bb{}\u00bb][\/et_pb_image][\/et_pb_column][et_pb_column type=\u00bb1_2&#8243; _builder_version=\u00bb4.24.2&#8243; _module_preset=\u00bbdefault\u00bb global_colors_info=\u00bb{}\u00bb][et_pb_text _builder_version=\u00bb4.24.2&#8243; _module_preset=\u00bbdefault\u00bb text_font=\u00bbPoppins||||||||\u00bb text_text_color=\u00bb#0D2A7A\u00bb text_font_size=\u00bb15px\u00bb global_colors_info=\u00bb{}\u00bb]<\/p>\n<p class=\"p1\"><strong>V\u00e1lvulas Hermanos Cuevas VC<\/strong> surge de V\u00e1lvulas de Seguridad Cuevas, empresa fundada desde el a\u00f1o 1988 por el Ingeniero Eliseo Francisco Cuevas L. Formando una empresa 100% mexicana, iniciando con clientes de la industria petrolera, papelera, farmac\u00e9utica, ingenios azucareros entre otras diversas industrias.<\/p>\n<p class=\"p1\">Nuestras v\u00e1lvulas han auxiliado a la industria nacional, ofreciendo seguridad y confiabilidad para sus procesos y equipos.<\/p>\n<p class=\"p1\" style=\"text-align: justify;\">Con mas de 30 a\u00f1os de experiencia en la industria, somos el socio de confianza para innumerables empresas que buscan garantizar la seguridad y la eficiencia de sus operaciones. Nuestra dedicaci\u00f3n a la calidad y el servicio al cliente nos ha convertido en lideres del mercado.<\/p>\n<p>[\/et_pb_text][\/et_pb_column][\/et_pb_row][et_pb_row _builder_version=\u00bb4.24.2&#8243; _module_preset=\u00bbdefault\u00bb custom_padding=\u00bb0px||0px||false|false\u00bb locked=\u00bboff\u00bb global_colors_info=\u00bb{}\u00bb][et_pb_column type=\u00bb4_4&#8243; _builder_version=\u00bb4.24.2&#8243; _module_preset=\u00bbdefault\u00bb global_colors_info=\u00bb{}\u00bb][et_pb_divider color=\u00bb#D8002E\u00bb _builder_version=\u00bb4.24.2&#8243; _module_preset=\u00bbdefault\u00bb custom_margin=\u00bb||5px|||\u00bb custom_padding=\u00bb||0px|||\u00bb global_colors_info=\u00bb{}\u00bb][\/et_pb_divider][et_pb_text _builder_version=\u00bb4.24.2&#8243; _module_preset=\u00bbdefault\u00bb text_font=\u00bbPoppins||||||||\u00bb text_text_color=\u00bb#0D2A7A\u00bb text_font_size=\u00bb18px\u00bb header_font=\u00bbPoppins||||||||\u00bb header_text_color=\u00bb#0D2A7A\u00bb custom_margin=\u00bb||16px|||\u00bb custom_padding=\u00bb0px|||||\u00bb global_colors_info=\u00bb{}\u00bb]<\/p>\n<p style=\"text-align: center;\"><strong>V\u00c1LVULAS HERMANOS CUEVAS<\/strong>, con los a\u00f1os y experiencia hemos creado pilares importantes que nos distinguen de los dem\u00e1s, nuestros pilares son:<\/p>\n<p>[\/et_pb_text][et_pb_divider color=\u00bb#D8002E\u00bb _builder_version=\u00bb4.24.2&#8243; _module_preset=\u00bbdefault\u00bb custom_padding=\u00bb||0px|||\u00bb global_colors_info=\u00bb{}\u00bb][\/et_pb_divider][\/et_pb_column][\/et_pb_row][et_pb_row _builder_version=\u00bb4.24.2&#8243; _module_preset=\u00bbdefault\u00bb custom_padding=\u00bb0px||0px||false|false\u00bb locked=\u00bboff\u00bb global_colors_info=\u00bb{}\u00bb][et_pb_column type=\u00bb4_4&#8243; _builder_version=\u00bb4.24.2&#8243; _module_preset=\u00bbdefault\u00bb global_colors_info=\u00bb{}\u00bb][et_pb_text _builder_version=\u00bb4.24.2&#8243; _module_preset=\u00bbdefault\u00bb text_font=\u00bbPoppins||||||||\u00bb text_text_color=\u00bb#212E41&#8243; text_font_size=\u00bb15px\u00bb header_3_font=\u00bbPoppins||||||||\u00bb header_3_text_color=\u00bb#D8002E\u00bb header_3_font_size=\u00bb18px\u00bb custom_margin=\u00bb0px||0px||false|false\u00bb custom_padding=\u00bb0px||0px||false|false\u00bb global_colors_info=\u00bb{}\u00bb]<\/p>\n<h3><strong>Seguridad:<\/strong><\/h3>\n<p style=\"text-align: justify;\"><strong>Priorizar la seguridad en todos los aspectos:<\/strong> Desde el dise\u00f1o y la fabricaci\u00f3n de las v\u00e1lvulas hasta su mantenimiento y reparaci\u00f3n.<br \/><strong>Cumplir con las normas de seguridad m\u00e1s exigentes:<\/strong> Nacionales e internacionales.<br \/><strong>Ofrecer productos y servicios confiables:<\/strong> Que garanticen la seguridad de las personas y las instalaciones.<\/p>\n<p>[\/et_pb_text][et_pb_text _builder_version=\u00bb4.24.2&#8243; _module_preset=\u00bbdefault\u00bb text_font=\u00bbPoppins||||||||\u00bb text_text_color=\u00bb#212E41&#8243; text_font_size=\u00bb15px\u00bb header_3_font=\u00bbPoppins||||||||\u00bb header_3_text_color=\u00bb#D8002E\u00bb header_3_font_size=\u00bb18px\u00bb custom_padding=\u00bb21px|||||\u00bb global_colors_info=\u00bb{}\u00bb]<\/p>\n<h3><strong>Calidad:<\/strong><\/h3>\n<p style=\"text-align: justify;\"><strong>Compromiso con la calidad en cada paso del proceso:<\/strong> <span>Desde la selecci\u00f3n de materiales hasta la entrega del producto final.<\/span><br \/><strong>Implementar un sistema de gesti\u00f3n de calidad robusto: <\/strong><span>Que asegure la consistencia y excelencia en la fabricaci\u00f3n de las v\u00e1lvulas.<\/span><br \/><strong>Ofrecer v\u00e1lvulas de alta calidad:<\/strong> <span>Duraderas, resistentes y con una larga vida \u00fatil.<\/span><\/p>\n<p>[\/et_pb_text][\/et_pb_column][\/et_pb_row][et_pb_row _builder_version=\u00bb4.24.2&#8243; _module_preset=\u00bbdefault\u00bb global_colors_info=\u00bb{}\u00bb][et_pb_column type=\u00bb4_4&#8243; _builder_version=\u00bb4.24.2&#8243; _module_preset=\u00bbdefault\u00bb global_colors_info=\u00bb{}\u00bb][et_pb_text _builder_version=\u00bb4.24.2&#8243; _module_preset=\u00bbdefault\u00bb text_font=\u00bbPoppins||||||||\u00bb text_text_color=\u00bb#212E41&#8243; text_font_size=\u00bb15px\u00bb header_3_font=\u00bbPoppins||||||||\u00bb header_3_text_color=\u00bb#D8002E\u00bb header_3_font_size=\u00bb18px\u00bb custom_margin=\u00bb0px||0px||false|false\u00bb custom_padding=\u00bb0px||0px||false|false\u00bb global_colors_info=\u00bb{}\u00bb]<\/p>\n<h3><strong>Fiabilidad:<\/strong><\/h3>\n<p style=\"text-align: justify;\"><strong>Ser un proveedor confiable:<\/strong> <span>Que cumpla con sus compromisos y plazos de entrega.<\/span><br \/><strong>Ofrecer un servicio postventa de calidad:<\/strong> <span>Que responda de manera eficiente a las necesidades de los clientes.<\/span><br \/><strong>Construir relaciones duraderas con los clientes:<\/strong> <span>Basadas en la confianza y la mutua satisfacci\u00f3n.<\/span><\/p>\n<p>[\/et_pb_text][et_pb_text _builder_version=\u00bb4.24.2&#8243; _module_preset=\u00bbdefault\u00bb text_font=\u00bbPoppins||||||||\u00bb text_text_color=\u00bb#212E41&#8243; text_font_size=\u00bb15px\u00bb header_3_font=\u00bbPoppins||||||||\u00bb header_3_text_color=\u00bb#D8002E\u00bb header_3_font_size=\u00bb18px\u00bb custom_margin=\u00bb0px||0px||false|false\u00bb custom_padding=\u00bb21px||0px||false|false\u00bb global_colors_info=\u00bb{}\u00bb]<\/p>\n<h3><strong>Experiencia:<\/strong><\/h3>\n<p style=\"text-align: justify;\"><strong>Contar con un equipo de profesionales capacitados:<\/strong> <span>Con experiencia en el dise\u00f1o, fabricaci\u00f3n y mantenimiento de v\u00e1lvulas de seguridad.<\/span><br \/><strong>Mantenerse actualizado con las \u00faltimas tecnolog\u00edas:<\/strong> <span>Para ofrecer soluciones innovadoras y eficientes a los clientes.<\/span><\/p>\n<p>[\/et_pb_text][et_pb_text _builder_version=\u00bb4.24.2&#8243; _module_preset=\u00bbdefault\u00bb text_font=\u00bbPoppins||||||||\u00bb text_text_color=\u00bb#212E41&#8243; text_font_size=\u00bb15px\u00bb header_3_font=\u00bbPoppins||||||||\u00bb header_3_text_color=\u00bb#D8002E\u00bb header_3_font_size=\u00bb18px\u00bb custom_margin=\u00bb0px||0px||false|false\u00bb custom_padding=\u00bb21px||0px||false|false\u00bb global_colors_info=\u00bb{}\u00bb]<\/p>\n<h3><strong>Eficiencia:<\/strong><\/h3>\n<p style=\"text-align: justify;\"><strong>Optimizar los procesos de producci\u00f3n:<\/strong> <span>Para ofrecer precios competitivos y plazos de entrega cortos.<\/span><br \/><strong>Utilizar tecnolog\u00edas de vanguardia:<\/strong> <span>Para mejorar la calidad y eficiencia de la fabricaci\u00f3n.<\/span><br \/><strong>Ofrecer soluciones personalizadas: <\/strong>Que se adapten a las necesidades espec\u00edficas de cada cliente.<\/p>\n<p>[\/et_pb_text][et_pb_text _builder_version=\u00bb4.24.2&#8243; _module_preset=\u00bbdefault\u00bb text_font=\u00bbPoppins||||||||\u00bb text_text_color=\u00bb#212E41&#8243; text_font_size=\u00bb15px\u00bb header_3_font=\u00bbPoppins||||||||\u00bb header_3_text_color=\u00bb#D8002E\u00bb header_3_font_size=\u00bb18px\u00bb custom_margin=\u00bb0px||0px||false|false\u00bb custom_padding=\u00bb21px||0px||false|false\u00bb global_colors_info=\u00bb{}\u00bb]<\/p>\n<h3><strong>Innovaci\u00f3n:<\/strong><\/h3>\n<p style=\"text-align: justify;\"><strong>Invertir en investigaci\u00f3n y desarrollo:<\/strong> <span>Para desarrollar nuevas tecnolog\u00edas y soluciones para v\u00e1lvulas de seguridad.<\/span><br \/><strong>Ofrecer productos innovadores:<\/strong> <span>Que satisfagan las necesidades cambiantes del mercado.<\/span><br \/><strong>Estar a la vanguardia de la industria: <\/strong>En cuanto a tecnolog\u00eda y conocimiento.<\/p>\n<p>[\/et_pb_text][et_pb_text _builder_version=\u00bb4.24.2&#8243; _module_preset=\u00bbdefault\u00bb text_font=\u00bbPoppins||||||||\u00bb text_text_color=\u00bb#212E41&#8243; text_font_size=\u00bb15px\u00bb header_3_font=\u00bbPoppins||||||||\u00bb header_3_text_color=\u00bb#D8002E\u00bb header_3_font_size=\u00bb18px\u00bb custom_margin=\u00bb0px||0px||false|false\u00bb custom_padding=\u00bb21px||21px||false|false\u00bb global_colors_info=\u00bb{}\u00bb]<\/p>\n<h3><strong>Atenci\u00f3n al cliente:<\/strong><\/h3>\n<p style=\"text-align: justify;\"><strong>Ofrecer un servicio de atenci\u00f3n al cliente de primer nivel:<\/strong> <span>Atento, eficiente y resolutivo.<\/span><br \/><strong>Ser receptivo a las necesidades de los clientes:<\/strong> <span>Y brindar soluciones personalizadas.<\/span><br \/><strong>Fomentar una comunicaci\u00f3n abierta y transparente: <\/strong>Con los clientes.<\/p>\n<p>[\/et_pb_text][et_pb_divider color=\u00bb#0D2A7A\u00bb _builder_version=\u00bb4.24.2&#8243; _module_preset=\u00bbdefault\u00bb custom_margin=\u00bb0px||0px||true|false\u00bb custom_padding=\u00bb0px||0px||true|false\u00bb global_colors_info=\u00bb{}\u00bb][\/et_pb_divider][et_pb_text _builder_version=\u00bb4.24.2&#8243; _module_preset=\u00bbdefault\u00bb text_font=\u00bbPoppins||||||||\u00bb text_text_color=\u00bb#0D2A7A\u00bb header_font=\u00bbPoppins||||||||\u00bb header_text_color=\u00bb#0D2A7A\u00bb header_3_font=\u00bbPoppins||||||||\u00bb header_3_text_color=\u00bb#0D2A7A\u00bb custom_margin=\u00bb-1px|||||\u00bb custom_padding=\u00bb0px||0px||true|false\u00bb global_colors_info=\u00bb{}\u00bb]<\/p>\n<h3 class=\"p1\" style=\"text-align: center;\">MISI\u00d3N:<\/h3>\n<p class=\"p1\" style=\"text-align: center;\">SER UNA EMPRESA LIDER EN LA FABRICACION DE VALVULAS DE SEGURIDAD Y ALIVIO. SIEMPRE APEGADOS A LAS NORMAS VIGENTES, CON LOS ESTANADRES DE CALIDAD QUE SE REQUIEREN.<\/p>\n<p>[\/et_pb_text][et_pb_text _builder_version=\u00bb4.24.2&#8243; _module_preset=\u00bbdefault\u00bb text_font=\u00bbPoppins||||||||\u00bb text_text_color=\u00bb#D8002E\u00bb header_font=\u00bbPoppins||||||||\u00bb header_text_color=\u00bb#0D2A7A\u00bb header_3_font=\u00bbPoppins||||||||\u00bb header_3_text_color=\u00bb#D8002E\u00bb custom_padding=\u00bb0px||0px||true|false\u00bb global_colors_info=\u00bb{}\u00bb]<\/p>\n<h3 class=\"p1\" style=\"text-align: center;\">VISI\u00d3N:<\/h3>\n<p class=\"p1\" style=\"text-align: center;\">SER LA MARCA L\u00cdDER EN LA INDUSTRIA Y SECTORES A NIVEL GLOBAL, RECONOCIDA POR OFRECER PRODUCTOS INNOVADORES, DE ALTA CALIDAD Y CON UN VALOR EXCEPCIONAL A NUESTROS CLIENTES EN TODO EL MUNDO.<\/p>\n<p>[\/et_pb_text][et_pb_divider color=\u00bb#0D2A7A\u00bb _builder_version=\u00bb4.24.2&#8243; _module_preset=\u00bbdefault\u00bb custom_margin=\u00bb0px||0px||true|false\u00bb custom_padding=\u00bb0px||0px||true|false\u00bb global_colors_info=\u00bb{}\u00bb][\/et_pb_divider][\/et_pb_column][\/et_pb_row][\/et_pb_section]<\/p>\n","protected":false},"excerpt":{"rendered":"<p>\u00bfQUIENES SOMOS? VALVULAS HERMANOS CUEVAS VC S.A. DE C.V.V\u00e1lvulas Hermanos Cuevas VC surge de V\u00e1lvulas de Seguridad Cuevas, empresa fundada desde el a\u00f1o 1988 por el Ingeniero Eliseo Francisco Cuevas L. Formando una empresa 100% mexicana, iniciando con clientes de la industria petrolera, papelera, farmac\u00e9utica, ingenios azucareros entre otras diversas industrias. Nuestras v\u00e1lvulas han auxiliado [&hellip;]<\/p>\n","protected":false},"author":1,"featured_media":0,"parent":0,"menu_order":0,"comment_status":"closed","ping_status":"closed","template":"","meta":{"_et_pb_use_builder":"on","_et_pb_old_content":"<!-- wp:divi\/placeholder \/-->","_et_gb_content_width":"","footnotes":""},"class_list":["post-128","page","type-page","status-publish","hentry"],"_links":{"self":[{"href":"https:\/\/valvulascuevas.com.mx\/index.php\/wp-json\/wp\/v2\/pages\/128","targetHints":{"allow":["GET"]}}],"collection":[{"href":"https:\/\/valvulascuevas.com.mx\/index.php\/wp-json\/wp\/v2\/pages"}],"about":[{"href":"https:\/\/valvulascuevas.com.mx\/index.php\/wp-json\/wp\/v2\/types\/page"}],"author":[{"embeddable":true,"href":"https:\/\/valvulascuevas.com.mx\/index.php\/wp-json\/wp\/v2\/users\/1"}],"replies":[{"embeddable":true,"href":"https:\/\/valvulascuevas.com.mx\/index.php\/wp-json\/wp\/v2\/comments?post=128"}],"version-history":[{"count":14,"href":"https:\/\/valvulascuevas.com.mx\/index.php\/wp-json\/wp\/v2\/pages\/128\/revisions"}],"predecessor-version":[{"id":236997,"href":"https:\/\/valvulascuevas.com.mx\/index.php\/wp-json\/wp\/v2\/pages\/128\/revisions\/236997"}],"wp:attachment":[{"href":"https:\/\/valvulascuevas.com.mx\/index.php\/wp-json\/wp\/v2\/media?parent=128"}],"curies":[{"name":"wp","href":"https:\/\/api.w.org\/{rel}","templated":true}]}}