{"id":126,"date":"2024-02-29T08:04:05","date_gmt":"2024-02-29T07:04:05","guid":{"rendered":"https:\/\/valvulascuevas.com.mx\/?page_id=126"},"modified":"2024-10-18T00:07:05","modified_gmt":"2024-10-17T22:07:05","slug":"bronce","status":"publish","type":"page","link":"https:\/\/valvulascuevas.com.mx\/index.php\/bronce\/","title":{"rendered":"V\u00e1lvulas de Bronce"},"content":{"rendered":"<p>[et_pb_section fb_built=\u00bb1&#8243; _builder_version=\u00bb4.24.3&#8243; _module_preset=\u00bbdefault\u00bb background_color=\u00bbrgba(150,100,57,0.77)\u00bb background_image=\u00bbhttps:\/\/valvulascuevas.com.mx\/wp-content\/uploads\/2024\/03\/bronce.jpg\u00bb background_blend=\u00bboverlay\u00bb custom_padding=\u00bb||60px|||\u00bb da_disable_devices=\u00bboff|off|off\u00bb global_colors_info=\u00bb{}\u00bb da_is_popup=\u00bboff\u00bb da_exit_intent=\u00bboff\u00bb da_has_close=\u00bbon\u00bb da_alt_close=\u00bboff\u00bb da_dark_close=\u00bboff\u00bb da_not_modal=\u00bbon\u00bb da_is_singular=\u00bboff\u00bb da_with_loader=\u00bboff\u00bb da_has_shadow=\u00bbon\u00bb][et_pb_row _builder_version=\u00bb4.24.2&#8243; _module_preset=\u00bbdefault\u00bb global_colors_info=\u00bb{}\u00bb][et_pb_column type=\u00bb4_4&#8243; _builder_version=\u00bb4.24.2&#8243; _module_preset=\u00bbdefault\u00bb global_colors_info=\u00bb{}\u00bb][et_pb_text _builder_version=\u00bb4.24.3&#8243; _module_preset=\u00bbdefault\u00bb text_font=\u00bbPoppins||||||||\u00bb text_text_color=\u00bb#FFFFFF\u00bb text_font_size=\u00bb20px\u00bb header_font=\u00bbPoppins|800|||||||\u00bb header_text_color=\u00bb#FFFFFF\u00bb header_font_size=\u00bb40px\u00bb header_text_shadow_style=\u00bbpreset1&#8243; global_colors_info=\u00bb{}\u00bb]<\/p>\n<h1>V\u00c1LVULAS DE BRONCE<\/h1>\n<p>La calidad de una v\u00e1lvula de bronce es fundamental para garantizar su buen funcionamiento y durabilidad.<\/p>\n<p>[\/et_pb_text][\/et_pb_column][\/et_pb_row][\/et_pb_section][et_pb_section fb_built=\u00bb1&#8243; prev_background_color=\u00bbrgba(150,100,57,0.77)\u00bb _builder_version=\u00bb4.24.3&#8243; _module_preset=\u00bbdefault\u00bb background_color=\u00bb#FAFAFA\u00bb background_image=\u00bbhttps:\/\/valvulascuevas.com.mx\/wp-content\/uploads\/2024\/02\/back1-scaled.jpg\u00bb custom_padding=\u00bb40px|||||\u00bb top_divider_style=\u00bbmountains2&#8243; top_divider_repeat=\u00bb1x\u00bb da_disable_devices=\u00bboff|off|off\u00bb global_colors_info=\u00bb{}\u00bb da_is_popup=\u00bboff\u00bb da_exit_intent=\u00bboff\u00bb da_has_close=\u00bbon\u00bb da_alt_close=\u00bboff\u00bb da_dark_close=\u00bboff\u00bb da_not_modal=\u00bbon\u00bb da_is_singular=\u00bboff\u00bb da_with_loader=\u00bboff\u00bb da_has_shadow=\u00bbon\u00bb][et_pb_row _builder_version=\u00bb4.24.3&#8243; _module_preset=\u00bbdefault\u00bb global_colors_info=\u00bb{}\u00bb][et_pb_column type=\u00bb4_4&#8243; _builder_version=\u00bb4.24.3&#8243; _module_preset=\u00bbdefault\u00bb global_colors_info=\u00bb{}\u00bb][et_pb_text _builder_version=\u00bb4.24.3&#8243; _module_preset=\u00bbdefault\u00bb text_font=\u00bbPoppins||||||||\u00bb text_text_color=\u00bb#0D2A7A\u00bb global_colors_info=\u00bb{}\u00bb]<\/p>\n<p class=\"p1\"><b>\u00bfQu\u00e9 es una v\u00e1lvula de seguridad de bronce?<\/b><\/p>\n<p class=\"p1\">Es un dispositivo mec\u00e1nico dise\u00f1ado para proteger sistemas de tuber\u00edas y equipos de sobrepresi\u00f3n. Cuando la presi\u00f3n dentro del sistema supera un l\u00edmite preestablecido, la v\u00e1lvula se abre autom\u00e1ticamente, liberando el exceso de fluido y evitando as\u00ed posibles da\u00f1os.<\/p>\n<p>[\/et_pb_text][et_pb_heading title=\u00bbNuestros Productos\u00bb _builder_version=\u00bb4.24.3&#8243; _module_preset=\u00bbdefault\u00bb title_font=\u00bbPoppins||||||||\u00bb title_text_color=\u00bb#D8002E\u00bb global_colors_info=\u00bb{}\u00bb][\/et_pb_heading][dsm_card_carousel slide_to_scroll=\u00bb3&#8243; multiple_slide_row=\u00bbon\u00bb arrow_color=\u00bb#FC2022&#8243; _builder_version=\u00bb4.24.3&#8243; _module_preset=\u00bbdefault\u00bb header_font=\u00bbPoppins|600|||||||\u00bb header_text_color=\u00bb#D8002E\u00bb body_font=\u00bbPoppins||||||||\u00bb body_text_color=\u00bb#212E41&#8243; subhead_text_color=\u00bb#0D2A7A\u00bb custom_button=\u00bbon\u00bb button_text_color=\u00bb#0d7cc1&#8243; hover_enabled=\u00bb0&#8243; border_radii_image=\u00bbon|10px|10px|10px|10px\u00bb box_shadow_style_image=\u00bbpreset3&#8243; box_shadow_spread_image=\u00bb-13px\u00bb box_shadow_color_image=\u00bb#0D2A7A\u00bb global_colors_info=\u00bb{}\u00bb sticky_enabled=\u00bb0&#8243; custom_margin=\u00bb60px||60px||true|false\u00bb][dsm_card_carousel_child title=\u00bbMODELO 1400&#8243; subtitle=\u00bbV\u00c1LVULA TIPO ARGOLLA\u00bb image=\u00bbhttps:\/\/valvulascuevas.com.mx\/wp-content\/uploads\/2024\/10\/1400peq.png\u00bb image_background_size=\u00bbcontain\u00bb image_background_animation=\u00bbzoom_out\u00bb badge_text=\u00bbM-1400&#8243; button_text=\u00bbM\u00e1s Informaci\u00f3n\u00bb button_url=\u00bb@ET-DC@eyJkeW5hbWljIjp0cnVlLCJjb250ZW50IjoicG9zdF9saW5rX3VybF9wYWdlIiwic2V0dGluZ3MiOnsicG9zdF9pZCI6IjIzNzA1NyJ9fQ==@\u00bb button_url_new_window=\u00bb1&#8243; _builder_version=\u00bb4.24.3&#8243; _dynamic_attributes=\u00bbbutton_url\u00bb _module_preset=\u00bbdefault\u00bb badge_font=\u00bb||||||||\u00bb global_colors_info=\u00bb{}\u00bb parent_button=\u00bbon\u00bb parent_header_level=\u00bbh4&#8243;]<\/p>\n<p style=\"text-align: justify;\">La calidad de una v\u00e1lvula de seguridad tipo argolla es fundamental para garantizar la protecci\u00f3n de personas, equipos e instalaciones&#8230;.<\/p>\n<p>[\/dsm_card_carousel_child][dsm_card_carousel_child title=\u00bbMODELO 1500&#8243; subtitle=\u00bbV\u00c1LVULA ROSCADA MODELO 1500&#8243; image=\u00bbhttps:\/\/valvulascuevas.com.mx\/wp-content\/uploads\/2024\/10\/1500peque.png\u00bb image_background_size=\u00bbcontain\u00bb image_background_animation=\u00bbzoom_out\u00bb badge_text=\u00bbM-1500&#8243; button_text=\u00bbM\u00e1s informaci\u00f3n\u00bb button_url=\u00bb@ET-DC@eyJkeW5hbWljIjp0cnVlLCJjb250ZW50IjoicG9zdF9saW5rX3VybF9wYWdlIiwic2V0dGluZ3MiOnsicG9zdF9pZCI6IjIzNzA4NiJ9fQ==@\u00bb button_url_new_window=\u00bb1&#8243; _builder_version=\u00bb4.24.3&#8243; _dynamic_attributes=\u00bbbutton_url\u00bb _module_preset=\u00bbdefault\u00bb badge_font=\u00bb||||||||\u00bb global_colors_info=\u00bb{}\u00bb parent_button=\u00bbon\u00bb parent_header_level=\u00bbh4&#8243;]<\/p>\n<p style=\"text-align: justify;\">Una v\u00e1lvula de seguridad roscada es un componente esencial en cualquier sistema que requiera protecci\u00f3n contra sobrepresi\u00f3n&#8230;<\/p>\n<p>[\/dsm_card_carousel_child][dsm_card_carousel_child title=\u00bbMODELO 1600&#8243; subtitle=\u00bbV\u00c1LVULA DE ALIVIO ROSCADA MODELO 1600&#8243; image=\u00bbhttps:\/\/valvulascuevas.com.mx\/wp-content\/uploads\/2024\/10\/1600peq.png\u00bb image_background_size=\u00bbcontain\u00bb image_background_animation=\u00bbzoom_out\u00bb badge_text=\u00bbM-1600&#8243; button_text=\u00bbM\u00e1s informaci\u00f3n\u00bb button_url=\u00bb@ET-DC@eyJkeW5hbWljIjp0cnVlLCJjb250ZW50IjoicG9zdF9saW5rX3VybF9wYWdlIiwic2V0dGluZ3MiOnsicG9zdF9pZCI6IjIzNzEwNCJ9fQ==@\u00bb button_url_new_window=\u00bb1&#8243; _builder_version=\u00bb4.24.3&#8243; _dynamic_attributes=\u00bbbutton_url\u00bb _module_preset=\u00bbdefault\u00bb badge_font=\u00bb||||||||\u00bb global_colors_info=\u00bb{}\u00bb parent_button=\u00bbon\u00bb parent_header_level=\u00bbh4&#8243;]<\/p>\n<p style=\"text-align: justify;\">Una v\u00e1lvula de alivio roscada es un componente esencial en cualquier sistema donde el control de la presi\u00f3n es crucial&#8230;<\/p>\n<p style=\"text-align: justify;\">[\/dsm_card_carousel_child][dsm_card_carousel_child title=\u00bbMODELO 1800&#8243; subtitle=\u00bbV\u00c1LVULA DE SEGURIDAD MODELO 1800&#8243; image=\u00bbhttps:\/\/valvulascuevas.com.mx\/wp-content\/uploads\/2024\/10\/1800peq.png\u00bb image_background_size=\u00bbcontain\u00bb image_background_animation=\u00bbzoom_out\u00bb badge_text=\u00bbM-1800&#8243; button_text=\u00bbM\u00e1s informaci\u00f3n\u00bb button_url=\u00bb@ET-DC@eyJkeW5hbWljIjp0cnVlLCJjb250ZW50IjoicG9zdF9saW5rX3VybF9wYWdlIiwic2V0dGluZ3MiOnsicG9zdF9pZCI6IjIzNzEyNSJ9fQ==@\u00bb button_url_new_window=\u00bb1&#8243; _builder_version=\u00bb4.24.3&#8243; _dynamic_attributes=\u00bbbutton_url\u00bb _module_preset=\u00bbdefault\u00bb badge_font=\u00bb||||||||\u00bb hover_enabled=\u00bb0&#8243; global_colors_info=\u00bb{}\u00bb parent_button=\u00bbon\u00bb parent_header_level=\u00bbh4&#8243; sticky_enabled=\u00bb0&#8243;]<\/p>\n<p style=\"text-align: justify;\"><span>Cada v\u00e1lvula es probada\u00a0 e inspeccionada para el ajuste de presi\u00f3n, que requiere cada cliente&#8230;<\/span><\/p>\n<p>[\/dsm_card_carousel_child][\/dsm_card_carousel][\/et_pb_column][\/et_pb_row][\/et_pb_section]<\/p>\n","protected":false},"excerpt":{"rendered":"<p>V\u00c1LVULAS DE BRONCE La calidad de una v\u00e1lvula de bronce es fundamental para garantizar su buen funcionamiento y durabilidad.\u00bfQu\u00e9 es una v\u00e1lvula de seguridad de bronce? Es un dispositivo mec\u00e1nico dise\u00f1ado para proteger sistemas de tuber\u00edas y equipos de sobrepresi\u00f3n. Cuando la presi\u00f3n dentro del sistema supera un l\u00edmite preestablecido, la v\u00e1lvula se abre autom\u00e1ticamente, [&hellip;]<\/p>\n","protected":false},"author":1,"featured_media":0,"parent":0,"menu_order":0,"comment_status":"closed","ping_status":"closed","template":"","meta":{"_et_pb_use_builder":"on","_et_pb_old_content":"<!-- wp:divi\/placeholder \/-->","_et_gb_content_width":"","footnotes":""},"class_list":["post-126","page","type-page","status-publish","hentry"],"_links":{"self":[{"href":"https:\/\/valvulascuevas.com.mx\/index.php\/wp-json\/wp\/v2\/pages\/126","targetHints":{"allow":["GET"]}}],"collection":[{"href":"https:\/\/valvulascuevas.com.mx\/index.php\/wp-json\/wp\/v2\/pages"}],"about":[{"href":"https:\/\/valvulascuevas.com.mx\/index.php\/wp-json\/wp\/v2\/types\/page"}],"author":[{"embeddable":true,"href":"https:\/\/valvulascuevas.com.mx\/index.php\/wp-json\/wp\/v2\/users\/1"}],"replies":[{"embeddable":true,"href":"https:\/\/valvulascuevas.com.mx\/index.php\/wp-json\/wp\/v2\/comments?post=126"}],"version-history":[{"count":39,"href":"https:\/\/valvulascuevas.com.mx\/index.php\/wp-json\/wp\/v2\/pages\/126\/revisions"}],"predecessor-version":[{"id":237159,"href":"https:\/\/valvulascuevas.com.mx\/index.php\/wp-json\/wp\/v2\/pages\/126\/revisions\/237159"}],"wp:attachment":[{"href":"https:\/\/valvulascuevas.com.mx\/index.php\/wp-json\/wp\/v2\/media?parent=126"}],"curies":[{"name":"wp","href":"https:\/\/api.w.org\/{rel}","templated":true}]}}